{"id":107,"date":"2021-10-19T11:49:19","date_gmt":"2021-10-19T09:49:19","guid":{"rendered":"https:\/\/wordpress-divi-dummy.bitfinity.ms\/?page_id=107"},"modified":"2024-07-22T14:21:29","modified_gmt":"2024-07-22T12:21:29","slug":"grundungsphilosophie-mission","status":"publish","type":"page","link":"https:\/\/positive-partners.de\/en\/grundungsphilosophie-mission\/","title":{"rendered":"Mission"},"content":{"rendered":"<p>[et_pb_section fb_built=&#8220;1&#8243; _builder_version=&#8220;4.20.0&#8243; _module_preset=&#8220;default&#8220; background_color=&#8220;#571962&#8243; custom_margin=&#8220;0px||0px||false|false&#8220; custom_padding=&#8220;0px||0px||false|false&#8220; global_module=&#8220;187&#8243; saved_tabs=&#8220;all&#8220; global_colors_info=&#8220;{}&#8220;][et_pb_row _builder_version=&#8220;4.19.0&#8243; _module_preset=&#8220;default&#8220; global_colors_info=&#8220;{}&#8220;][et_pb_column type=&#8220;4_4&#8243; _builder_version=&#8220;4.19.0&#8243; _module_preset=&#8220;default&#8220; global_colors_info=&#8220;{}&#8220;][et_pb_text _builder_version=&#8220;4.20.4&#8243; _dynamic_attributes=&#8220;content&#8220; _module_preset=&#8220;default&#8220; header_text_align=&#8220;center&#8220; header_text_color=&#8220;#FFFFFF&#8220; custom_margin=&#8220;0px||0px||false|false&#8220; custom_padding=&#8220;1rem||0.5rem||false|false&#8220; global_colors_info=&#8220;{}&#8220;]@ET-DC@eyJkeW5hbWljIjp0cnVlLCJjb250ZW50IjoicG9zdF90aXRsZSIsInNldHRpbmdzIjp7ImJlZm9yZSI6IjxoMT4iLCJhZnRlciI6IjwvaDE+In19@[\/et_pb_text][\/et_pb_column][\/et_pb_row][\/et_pb_section][et_pb_section fb_built=&#8220;1&#8243; _builder_version=&#8220;4.20.0&#8243; _module_preset=&#8220;default&#8220; custom_padding=&#8220;||0px||false|false&#8220; global_colors_info=&#8220;{}&#8220;][et_pb_row _builder_version=&#8220;4.20.4&#8243; _module_preset=&#8220;default&#8220; global_colors_info=&#8220;{}&#8220;][et_pb_column type=&#8220;4_4&#8243; _builder_version=&#8220;4.20.0&#8243; _module_preset=&#8220;default&#8220; global_colors_info=&#8220;{}&#8220;][et_pb_text _builder_version=&#8220;4.20.0&#8243; _module_preset=&#8220;default&#8220; global_colors_info=&#8220;{}&#8220;]<\/p>\n<p>&nbsp;<\/p>\n<h2 style=\"text-align: center;\">\u00a0<\/h2>\n<h2 style=\"text-align: center;\">Wir\u00a0 Kreieren Positive\u00a0 Datingerfahrungen\u00a0<\/h2>\n<h2 style=\"text-align: center;\">F\u00fcr\u00a0 Positive\u00a0 Pers\u00f6nlichkeiten<\/h2>\n<h2 style=\"text-align: center;\"><strong><\/strong><strong><\/strong>\u00a0<\/h2>\n<p>[\/et_pb_text][et_pb_text _builder_version=&#8220;4.25.1&#8243; _module_preset=&#8220;default&#8220; global_colors_info=&#8220;{}&#8220;]<\/p>\n<p style=\"text-align: center;\"><strong>Positive Partners\u00a9<\/strong> wurde gegr\u00fcndet als positivpsychologische und prinzipienbasierte Matchmaking Consultancy in der Achtsamkeit und Werte z\u00e4hlen. Leitmission und oberster Anspruch des individuell ma\u00dfgeschneiderten Services ist die Erm\u00f6glichung tiefgr\u00fcndiger und ma\u00dfgeschneiderter Datingerlebnisse als Gegentrend zu oftmals entt\u00e4uschenden, oberfl\u00e4chlichen und robotischen Datingerfahrungen mit Massen-Apps, rein algorithmisch basierten Online Portalen und herk\u00f6mmlichen Partnervermittlungen. Auf Wunsch wird intra- oder inter-kulturell gematcht, von jungen Erwachsenen bis zu Best Agern.<\/p>\n<p>[\/et_pb_text][et_pb_image src=&#8220;https:\/\/positive-partners.de\/wp-content\/uploads\/2023\/03\/transparent-logo-Positive-Partners07-300&#215;146.png&#8220; title_text=&#8220;transparent logo Positive Partners07&#8243; align=&#8220;center&#8220; _builder_version=&#8220;4.20.4&#8243; _module_preset=&#8220;default&#8220; width=&#8220;200px&#8220; custom_margin=&#8220;3rem||3rem||true|false&#8220; global_colors_info=&#8220;{}&#8220;][\/et_pb_image][et_pb_text _builder_version=&#8220;4.20.4&#8243; _module_preset=&#8220;default&#8220; global_colors_info=&#8220;{}&#8220;]<\/p>\n<p style=\"text-align: center;\">Internationale Unternehmerpers\u00f6nlichkeiten, Spitzensportler, Philantropen, Beh\u00f6rdenleiter und Politiker, erfolgreiche Wissenschaftler, Mediziner, Juristen und Pers\u00f6nlichkeiten aus Kunst, Medien und Entertainment geh\u00f6ren zu der typischen Privatklientel von Positive Partners\u00a9. F\u00fcr sie suchen wir aktiv.<\/p>\n<p style=\"text-align: center;\">(Premium) Exklusivmitglieder haben uns in einem Casting \u00fcber ein ansprechendes \u00c4u\u00dferes hinaus, mit ihrem positiven Wesen \u00fcberzeugt, die sie zu einer empathischen und lebensbejahenden Partnerpers\u00f6nlichkeit machen. Sie sind unsere passive Klientel mit der Chance, gefunden zu werden.<\/p>\n<p>[\/et_pb_text][\/et_pb_column][\/et_pb_row][et_pb_row _builder_version=&#8220;4.20.0&#8243; _module_preset=&#8220;default&#8220; global_colors_info=&#8220;{}&#8220;][et_pb_column type=&#8220;4_4&#8243; _builder_version=&#8220;4.20.0&#8243; _module_preset=&#8220;default&#8220; global_colors_info=&#8220;{}&#8220;][et_pb_testimonial author=&#8220;Thich Nhat Hanh&#8220; quote_icon_color=&#8220;#85714E&#8220; job_title_last_edited=&#8220;off|desktop&#8220; _builder_version=&#8220;4.20.4&#8243; _module_preset=&#8220;default&#8220; author_text_align=&#8220;center&#8220; author_line_height=&#8220;1em&#8220; global_colors_info=&#8220;{}&#8220;]<\/p>\n<p style=\"text-align: center;\">&#8222;The roots of a lasting relationship are mindfulness, deep listening, loving speech and a strong community to support you.&#8220;<\/p>\n<p>[\/et_pb_testimonial][\/et_pb_column][\/et_pb_row][\/et_pb_section][et_pb_section fb_built=&#8220;1&#8243; _builder_version=&#8220;4.20.0&#8243; _module_preset=&#8220;default&#8220; width=&#8220;100%&#8220; global_colors_info=&#8220;{}&#8220;][et_pb_row _builder_version=&#8220;4.20.0&#8243; _module_preset=&#8220;default&#8220; global_colors_info=&#8220;{}&#8220;][et_pb_column type=&#8220;4_4&#8243; _builder_version=&#8220;4.20.0&#8243; _module_preset=&#8220;default&#8220; global_colors_info=&#8220;{}&#8220;][et_pb_text _builder_version=&#8220;4.20.0&#8243; _module_preset=&#8220;default&#8220; global_colors_info=&#8220;{}&#8220;]<\/p>\n<h2 style=\"text-align: center;\">Pers\u00f6nliche Motivation<\/h2>\n<p>[\/et_pb_text][et_pb_text _builder_version=&#8220;4.20.0&#8243; _module_preset=&#8220;default&#8220; global_colors_info=&#8220;{}&#8220;]<\/p>\n<p style=\"text-align: center;\">F\u00fcr ein tieferes Verst\u00e4ndnis dieser Gr\u00fcndungs\u00fcberzeugung hilft ein kurzer Einblick in meine Vita<\/p>\n<p>[\/et_pb_text][\/et_pb_column][\/et_pb_row][et_pb_row column_structure=&#8220;2_5,3_5&#8243; _builder_version=&#8220;4.20.0&#8243; _module_preset=&#8220;default&#8220; global_colors_info=&#8220;{}&#8220;][et_pb_column type=&#8220;2_5&#8243; _builder_version=&#8220;4.20.0&#8243; _module_preset=&#8220;default&#8220; global_colors_info=&#8220;{}&#8220;][et_pb_image src=&#8220;https:\/\/positive-partners.de\/wp-content\/uploads\/2023\/03\/IMG_1-768&#215;1024.jpeg&#8220; title_text=&#8220;IMG_1&#8243; _builder_version=&#8220;4.20.0&#8243; _module_preset=&#8220;default&#8220; global_colors_info=&#8220;{}&#8220;][\/et_pb_image][\/et_pb_column][et_pb_column type=&#8220;3_5&#8243; _builder_version=&#8220;4.20.0&#8243; _module_preset=&#8220;default&#8220; global_colors_info=&#8220;{}&#8220;][et_pb_text _builder_version=&#8220;4.20.4&#8243; _module_preset=&#8220;default&#8220; global_colors_info=&#8220;{}&#8220;]<\/p>\n<h3 style=\"text-align: center;\">\u00a0\u00a0 The\u00a0 Second\u00a0 Half\u00a0 Of\u00a0 Life\u00a0 Is For\u00a0 The\u00a0 Soul<\/h3>\n<p>[\/et_pb_text][et_pb_testimonial _builder_version=&#8220;4.20.0&#8243; _module_preset=&#8220;default&#8220; global_colors_info=&#8220;{}&#8220;]<\/p>\n<p style=\"text-align: center;\">\u00a0 \u201eDiesem Motto folgend, habe ich mich f\u00fcr die zweite H\u00e4lfte meines Lebens proaktiv und aus tiefster \u00dcberzeugung dazu entschieden, Ihre Partnersuche zu meiner Berufung zu machen. Damit begleite ich Sie bei der vielleicht wichtigsten Entscheidung Ihres Lebens!\u201c<\/p>\n<p>[\/et_pb_testimonial][et_pb_text _builder_version=&#8220;4.20.0&#8243; _module_preset=&#8220;default&#8220; global_colors_info=&#8220;{}&#8220;]<\/p>\n<p>Dankenswerterweise durfte ich als Tochter deutsch-indischer Eltern international, kosmopolitisch und weltoffen aufwachsen und mich mit f\u00fcnf universit\u00e4ren Graden in meinem Berufungsfach Psychologie qualifizieren. Mein Vaterland Indien ist die Wiege des Matchmakings. Diese Jahrhunderte lange Tradition wurde mir als Halbinderin bereits in die Wiege gelegt.<\/p>\n<p>Meinen Traum von einem Studium an der University of Oxford, an deren weltbekannter Union ich Lebenszeitglied bin und au\u00dfergew\u00f6hnliche Pers\u00f6nlichkeiten kennenlerne, durfte ich leben! Legitimiert durch die Berliner Senatskanzlei wurde ich zur Professorin f\u00fcr Angewandte Psychologie berufen, bin approbierte Psychotherapeutin und habe aus tiefster \u00dcberzeugung f\u00fcr die Verwirklichung von Positive Partners\u00a9 lukrative Karrierealternativen eingetauscht.<\/p>\n<p>[\/et_pb_text][\/et_pb_column][\/et_pb_row][et_pb_row _builder_version=&#8220;4.20.0&#8243; _module_preset=&#8220;default&#8220; global_colors_info=&#8220;{}&#8220;][et_pb_column type=&#8220;4_4&#8243; _builder_version=&#8220;4.20.0&#8243; _module_preset=&#8220;default&#8220; global_colors_info=&#8220;{}&#8220;][et_pb_text _builder_version=&#8220;4.25.1&#8243; _module_preset=&#8220;default&#8220; global_colors_info=&#8220;{}&#8220;]<\/p>\n<p>Im Laufe meines bisherigen Berufslebens durfte ich viele Herausforderungen an der Seite meiner internationalen Klientel bew\u00e4ltigen. Diese Erfahrungen haben mich weiter in der Gewissheit best\u00e4rkt, umfangreich auf die multiplen Herausforderungen vorbereitet zu sein, die bei der Begleitung von Menschen bei der Partnersuche klassischerweise Hand in Hand zu bew\u00e4ltigen sind. Meiner Meinung nach sollten solche tiefenpsychologischen Matchmaking-W\u00fcnsche weder in den Verantwortungsbereich psychologischer Laien \u00fcbergeben noch dem generierten Output von Dating-Algorithmen \u00fcberlassen werden.<\/p>\n<p>Pers\u00f6nlich hatte ich nach langer Zeit des Wartens das unglaubliche Gl\u00fcck, meinen Lebenspartner ausgerechnet an dem Ort mit der wohl statistisch geringsten Begegnungswahrscheinlichkeit zu finden und ihn entgegen meiner analytisch-sorgf\u00e4ltigen Entscheidungspr\u00e4ferenz nach nur zehn gemeinsamen Tagen spontan zu heiraten. Dieses Vertrauen in die Treffsicherheit und Zuverl\u00e4ssigkeit meiner positiven Matchmaking-Intuition hat sich nach vielen gl\u00fccklichen Ehejahren bewahrheitet. Deshalb habe ich mir im Sinne Vivekanandas zur Mission gemacht, mich nunmehr mit vollem Bewu\u00dftsein auf die weltweite Profisuche nach <strong>Ihrem<\/strong> pers\u00f6nlichen Pendant zu begeben.<\/p>\n<p>[\/et_pb_text][\/et_pb_column][\/et_pb_row][et_pb_row _builder_version=&#8220;4.20.0&#8243; _module_preset=&#8220;default&#8220; global_colors_info=&#8220;{}&#8220;][et_pb_column type=&#8220;4_4&#8243; _builder_version=&#8220;4.20.0&#8243; _module_preset=&#8220;default&#8220; global_colors_info=&#8220;{}&#8220;][et_pb_testimonial author=&#8220;Svami Vivekananda&#8220; _builder_version=&#8220;4.20.0&#8243; _module_preset=&#8220;default&#8220; author_text_align=&#8220;center&#8220; global_colors_info=&#8220;{}&#8220;]<\/p>\n<p style=\"text-align: center;\">\u201eTake up one idea. Make that one idea your life \u2013 think of it, dream of it, live on that idea. Let the brain, muscles, nerves, every part of your body, be full of that idea, and just leave every other idea alone. This is the way to success.\u201c<\/p>\n<p>[\/et_pb_testimonial][\/et_pb_column][\/et_pb_row][et_pb_row _builder_version=&#8220;4.20.0&#8243; _module_preset=&#8220;default&#8220; global_colors_info=&#8220;{}&#8220;][et_pb_column type=&#8220;4_4&#8243; _builder_version=&#8220;4.20.0&#8243; _module_preset=&#8220;default&#8220; global_colors_info=&#8220;{}&#8220;][et_pb_text _builder_version=&#8220;4.20.0&#8243; _module_preset=&#8220;default&#8220; global_colors_info=&#8220;{}&#8220;]<\/p>\n<p>Nach einer erfolgreichen Karriere mit verschiedenen Leitungsfunktionen habe ich mich f\u00fcr die zweite Lebensh\u00e4lfte dazu entschieden, meine fachpsychologische Expertise und meine im Privatleben bew\u00e4hrte Intuition in der Berufung zu vereinen, positive Matchmakingerfahrungen f\u00fcr positive Pers\u00f6nlichkeiten zu erm\u00f6glichen. \u00a0Zuk\u00fcnftig m\u00f6chte ich au\u00dfergew\u00f6hnliche Menschen dazu bef\u00e4higen, ebenfalls Ihre perfekte Lebenspartnerpassung zu finden und dauerhaft eine gl\u00fcckliche und gegenseitig erf\u00fcllenden Partnerschaft aufrecht zu erhalten. Damit ist meine zweite Lebensh\u00e4lfte einer rein positiven Aufgabe gewidmet, nach vielen Jahren der Begleitung von Menschen aus traumatischen Negativerfahrungen und Krisen.<\/p>\n<p>Diese Wunschentscheidung ist auch geleitet von der beruflichen Erfahrung, dass eine einzige tragf\u00e4hige und vertrauensvoll-menschliche Bindung sinngebend sein kann f\u00fcr ein ganzes Leben. Ein genuines Match f\u00fcrs Leben ist der erfolgreichste Schutzfaktor gegen die Entstehung psychischer Belastungssymptome, selbst im Falle schwerster Traumata. Der best passende Partner an Ihrer Lebensseite vermag Sie als Individuum und Sie beide einander Paar zu stabilisieren, indem die Herausforderungen des Lebens gemeinsam gemeistert werden und hierdurch ein Gef\u00fchl gemeinsamer St\u00e4rke und Beziehungseinzigartigkeit erw\u00e4chst.<\/p>\n<p>[\/et_pb_text][\/et_pb_column][\/et_pb_row][\/et_pb_section]<\/p>\n","protected":false},"excerpt":{"rendered":"<p>&nbsp; \u00a0 Wir\u00a0 Kreieren Positive\u00a0 Datingerfahrungen\u00a0 F\u00fcr\u00a0 Positive\u00a0 Pers\u00f6nlichkeiten \u00a0Positive Partners\u00a9 wurde gegr\u00fcndet als positivpsychologische und prinzipienbasierte Matchmaking Consultancy in der Achtsamkeit und Werte z\u00e4hlen. Leitmission und oberster Anspruch des individuell ma\u00dfgeschneiderten Services ist die Erm\u00f6glichung tiefgr\u00fcndiger und ma\u00dfgeschneiderter Datingerlebnisse als Gegentrend zu oftmals entt\u00e4uschenden, oberfl\u00e4chlichen und robotischen Datingerfahrungen mit Massen-Apps, rein algorithmisch basierten Online Portalen und herk\u00f6mmlichen Partnervermittlungen. Auf Wunsch wird intra- oder inter-kulturell gematcht, von jungen Erwachsenen bis zu Best Agern.Internationale Unternehmerpers\u00f6nlichkeiten, Spitzensportler, Philantropen, Beh\u00f6rdenleiter und Politiker, erfolgreiche Wissenschaftler, Mediziner, Juristen und Pers\u00f6nlichkeiten aus Kunst, Medien und Entertainment geh\u00f6ren zu der typischen Privatklientel von Positive Partners\u00a9. F\u00fcr sie suchen wir aktiv. (Premium) Exklusivmitglieder haben uns in einem Casting \u00fcber ein ansprechendes \u00c4u\u00dferes hinaus, mit ihrem positiven Wesen \u00fcberzeugt, die sie zu einer empathischen und lebensbejahenden Partnerpers\u00f6nlichkeit machen. Sie sind unsere passive Klientel mit der Chance, gefunden zu werden.&#8220;The roots of a lasting relationship are mindfulness, deep listening, loving speech and a strong community to support you.&#8220;Pers\u00f6nliche MotivationF\u00fcr ein tieferes Verst\u00e4ndnis dieser Gr\u00fcndungs\u00fcberzeugung hilft ein kurzer Einblick in meine Vita\u00a0\u00a0 The\u00a0 Second\u00a0 Half\u00a0 Of\u00a0 Life\u00a0 Is For\u00a0 The\u00a0 Soul\u00a0 \u201eDiesem Motto folgend, habe ich mich f\u00fcr die zweite H\u00e4lfte meines Lebens proaktiv und aus tiefster \u00dcberzeugung dazu entschieden, Ihre [&hellip;]<\/p>\n","protected":false},"author":1,"featured_media":0,"parent":0,"menu_order":0,"comment_status":"closed","ping_status":"closed","template":"","meta":{"_et_pb_use_builder":"on","_et_pb_old_content":"","_et_gb_content_width":"","inline_featured_image":false,"footnotes":""},"class_list":["post-107","page","type-page","status-publish","hentry"],"_links":{"self":[{"href":"https:\/\/positive-partners.de\/en\/wp-json\/wp\/v2\/pages\/107","targetHints":{"allow":["GET"]}}],"collection":[{"href":"https:\/\/positive-partners.de\/en\/wp-json\/wp\/v2\/pages"}],"about":[{"href":"https:\/\/positive-partners.de\/en\/wp-json\/wp\/v2\/types\/page"}],"author":[{"embeddable":true,"href":"https:\/\/positive-partners.de\/en\/wp-json\/wp\/v2\/users\/1"}],"replies":[{"embeddable":true,"href":"https:\/\/positive-partners.de\/en\/wp-json\/wp\/v2\/comments?post=107"}],"version-history":[{"count":33,"href":"https:\/\/positive-partners.de\/en\/wp-json\/wp\/v2\/pages\/107\/revisions"}],"predecessor-version":[{"id":961,"href":"https:\/\/positive-partners.de\/en\/wp-json\/wp\/v2\/pages\/107\/revisions\/961"}],"wp:attachment":[{"href":"https:\/\/positive-partners.de\/en\/wp-json\/wp\/v2\/media?parent=107"}],"curies":[{"name":"wp","href":"https:\/\/api.w.org\/{rel}","templated":true}]}}