{"id":218,"date":"2023-03-01T16:30:44","date_gmt":"2023-03-01T15:30:44","guid":{"rendered":"https:\/\/positive-partners.de\/?page_id=218"},"modified":"2024-09-12T12:27:25","modified_gmt":"2024-09-12T10:27:25","slug":"prinzipien","status":"publish","type":"page","link":"https:\/\/positive-partners.de\/en\/prinzipien\/","title":{"rendered":"7 Principles"},"content":{"rendered":"<p>[et_pb_section fb_built=&#8220;1&#8243; _builder_version=&#8220;4.20.0&#8243; _module_preset=&#8220;default&#8220; background_color=&#8220;#571962&#8243; custom_margin=&#8220;0px||0px||false|false&#8220; custom_padding=&#8220;0px||0px||false|false&#8220; global_module=&#8220;187&#8243; saved_tabs=&#8220;all&#8220; global_colors_info=&#8220;{}&#8220;][et_pb_row _builder_version=&#8220;4.19.0&#8243; _module_preset=&#8220;default&#8220; global_colors_info=&#8220;{}&#8220;][et_pb_column type=&#8220;4_4&#8243; _builder_version=&#8220;4.19.0&#8243; _module_preset=&#8220;default&#8220; global_colors_info=&#8220;{}&#8220;][et_pb_text _builder_version=&#8220;4.20.4&#8243; _dynamic_attributes=&#8220;content&#8220; _module_preset=&#8220;default&#8220; header_text_align=&#8220;center&#8220; header_text_color=&#8220;#FFFFFF&#8220; custom_margin=&#8220;0px||0px||false|false&#8220; custom_padding=&#8220;1rem||0.5rem||false|false&#8220; global_colors_info=&#8220;{}&#8220;]@ET-DC@eyJkeW5hbWljIjp0cnVlLCJjb250ZW50IjoicG9zdF90aXRsZSIsInNldHRpbmdzIjp7ImJlZm9yZSI6IjxoMT4iLCJhZnRlciI6IjwvaDE+In19@[\/et_pb_text][\/et_pb_column][\/et_pb_row][\/et_pb_section][et_pb_section fb_built=&#8220;1&#8243; _builder_version=&#8220;4.20.0&#8243; _module_preset=&#8220;default&#8220; custom_padding=&#8220;||0px||false|false&#8220; global_colors_info=&#8220;{}&#8220;][et_pb_row _builder_version=&#8220;4.20.0&#8243; _module_preset=&#8220;default&#8220; global_colors_info=&#8220;{}&#8220;][et_pb_column type=&#8220;4_4&#8243; _builder_version=&#8220;4.20.0&#8243; _module_preset=&#8220;default&#8220; global_colors_info=&#8220;{}&#8220;][et_pb_text _builder_version=&#8220;4.20.0&#8243; _module_preset=&#8220;default&#8220; global_colors_info=&#8220;{}&#8220;]<\/p>\n<h2 style=\"text-align: center;\"><strong>First-Hand Erkenntnisse aus der internationalen Matchmakingindustrie<\/strong><\/h2>\n<p>[\/et_pb_text][\/et_pb_column][\/et_pb_row][et_pb_row _builder_version=&#8220;4.20.0&#8243; _module_preset=&#8220;default&#8220; global_colors_info=&#8220;{}&#8220;][et_pb_column type=&#8220;4_4&#8243; _builder_version=&#8220;4.20.0&#8243; _module_preset=&#8220;default&#8220; global_colors_info=&#8220;{}&#8220;][et_pb_text _builder_version=&#8220;4.20.0&#8243; _module_preset=&#8220;default&#8220; custom_padding=&#8220;53px|||||&#8220; global_colors_info=&#8220;{}&#8220;]<\/p>\n<p>Wie in der Gr\u00fcndungsmission verankert, ist es <strong>Positive Partners\u00a9\u00a0<\/strong>oberstes Anliegen, die wesentlichen Negativa der heutigen Matchmakingindustrie zu identifizieren, diese zu \u00fcberwinden und<strong> <\/strong>in Positiva umzuwandeln.<\/p>\n<p>Dieser Leitgedanke entstand aus einer gr\u00fcndlichen Marktrecherche und der intensiven, zw\u00f6lfmonatigen Erfahrung bei einer international f\u00fchrenden Matchmakingagentur, der ich als Leiterin des D-A-CH Marktes vorstehen sollte. Anstatt ein Teil des bestehenden Estabishments zu werden, gr\u00fcndete ich meine eigene Agentur Positive Partners\u00a9, um die beobachteten Handicaps zu heilen. Die Vorerfahrung erm\u00f6glichte mir ganz klar zu erkennen, durch welche sieben Prinzipien sich Positive Partners\u00a9 von etablierten Matchmaking Agenturen unterscheiden soll.<\/p>\n<p>Wenn Sie <strong>Mehr erfahren<\/strong> am Ende der nachfolgend aufgef\u00fchrten Kacheln anklicken, k\u00f6nnen Sie \u00fcber die h\u00e4ufigsten Matchmaking-Risiken und Ihre Positive Partners\u00a9-spezifischen L\u00f6sungen lesen.<\/p>\n<p>[\/et_pb_text][\/et_pb_column][\/et_pb_row][\/et_pb_section][et_pb_section fb_built=&#8220;1&#8243; _builder_version=&#8220;4.20.4&#8243; _module_preset=&#8220;default&#8220; global_colors_info=&#8220;{}&#8220;][et_pb_row _builder_version=&#8220;4.20.4&#8243; _module_preset=&#8220;default&#8220; global_colors_info=&#8220;{}&#8220;][et_pb_column type=&#8220;4_4&#8243; _builder_version=&#8220;4.20.4&#8243; _module_preset=&#8220;default&#8220; global_colors_info=&#8220;{}&#8220;][dsm_card_carousel speed=&#8220;1000&#8243; autoplay_speed=&#8220;14000&#8243; pause_on_hover=&#8220;on&#8220; infinite=&#8220;off&#8220; equal_height=&#8220;on&#8220; use_arrow_custom_position=&#8220;on&#8220; arrow_custom_position=&#8220;-80px&#8220; arrow_size=&#8220;60px&#8220; arrow_color=&#8220;#571962&#8243; arrow_background_color=&#8220;RGBA(255,255,255,0)&#8220; arrow_custom_position_tablet=&#8220;-80px&#8220; arrow_custom_position_phone=&#8220;-50px&#8220; arrow_custom_position_last_edited=&#8220;on|phone&#8220; arrow_size_tablet=&#8220;50px&#8220; arrow_size_phone=&#8220;40px&#8220; arrow_size_last_edited=&#8220;on|desktop&#8220; _builder_version=&#8220;4.25.1&#8243; _module_preset=&#8220;default&#8220; hover_enabled=&#8220;0&#8243; global_colors_info=&#8220;{}&#8220; sticky_enabled=&#8220;0&#8243;][dsm_card_carousel_child title=&#8220;1. Expertenprinzip durch Exklusivit\u00e4tsversprechen&#8220; image=&#8220;https:\/\/positive-partners.de\/wp-content\/uploads\/2023\/06\/Prinzip-1.webp&#8220; button_text=&#8220;Mehr erfahren&#8220; button_url_new_window=&#8220;1&#8243; _builder_version=&#8220;4.25.1&#8243; _module_preset=&#8220;default&#8220; background_color=&#8220;#FFFFFF&#8220; background_enable_color=&#8220;on&#8220; dsm_modules_popup=&#8220;on&#8220; dsm_modules_popup_library=&#8220;625&#8243; global_colors_info=&#8220;{}&#8220; parent_button=&#8220;off&#8220; parent_header_level=&#8220;h4&#8243;]<\/p>\n<p><span>Als internationaler Privatklient einer psychologischen Consultancy haben Sie bei Positive Partners\u00a9 Anspruch darauf, w\u00e4hrend der gesamten Customer Journey exklusiv von der\u00a0 promovierten psychologischen Expertin als Matchmakerin begleitet zu werden, die das Unternehmen als Galionsfigur repr\u00e4sentiert.<\/span><\/p>\n<p>[\/dsm_card_carousel_child][dsm_card_carousel_child title=&#8220;2. Diskretionsprinzip &#038; Anonymit\u00e4tsgarantie&#8220; image=&#8220;https:\/\/positive-partners.de\/wp-content\/uploads\/2023\/05\/image008.jpg&#8220; button_text=&#8220;Mehr erfahren&#8220; button_url_new_window=&#8220;1&#8243; _builder_version=&#8220;4.25.1&#8243; _module_preset=&#8220;default&#8220; background_color=&#8220;#FFFFFF&#8220; background_enable_color=&#8220;on&#8220; dsm_modules_popup=&#8220;on&#8220; dsm_modules_popup_library=&#8220;523&#8243; global_colors_info=&#8220;{}&#8220; parent_button=&#8220;off&#8220; parent_header_level=&#8220;h4&#8243;]<\/p>\n<p><span>Die meisten der au\u00dfergew\u00f6hnlichen Menschen, die sich f\u00fcr einen elit\u00e4ren Matchmakingservice entscheiden, sind \u00f6ffentlich bekannt oder bekleiden berufliche Positionen, die sie potentiell erpressbar machen. Solche Menschen entscheiden sich genau aus diesem Grund ganz bewu\u00dft gegen Online-Partnerportale in denen ihr Profil \u00f6ffentlich sichtbar ist. Sie hoffen bei Ihrer Entscheidung f\u00fcr eine exklusive Offline-Partneragentur auf Vertraulichkeit und Anonymit\u00e4t.<\/span><\/p>\n<p>[\/dsm_card_carousel_child][dsm_card_carousel_child title=&#8220;3. Einzigartigkeitsprinzip&#8220; image=&#8220;https:\/\/positive-partners.de\/wp-content\/uploads\/2023\/06\/marriage-2545684_1920-1024&#215;683.jpg&#8220; button_text=&#8220;Mehr erfahren&#8220; button_url_new_window=&#8220;1&#8243; _builder_version=&#8220;4.25.1&#8243; _module_preset=&#8220;default&#8220; background_color=&#8220;#FFFFFF&#8220; background_enable_color=&#8220;on&#8220; dsm_modules_popup=&#8220;on&#8220; dsm_modules_popup_library=&#8220;611&#8243; global_colors_info=&#8220;{}&#8220; parent_button=&#8220;off&#8220; parent_header_level=&#8220;h4&#8243;]<\/p>\n<p><span>Das Wesen von Positive Partners\u00a9 psychologischem Matchmaking ist die individualisierte Suche nach dem einen f\u00fcr Sie einzigartigen und passgenauen Lebenspartner. Genau hierf\u00fcr m\u00f6chte ich meine wertvolle Lebenszeit und meine professionelle Kompetenz verwenden. Exklusiv f\u00fcr Sie werde ich als einzige Matchmakerin nach diesem einzigartigen Menschen suchen.<\/span><\/p>\n<p>[\/dsm_card_carousel_child][dsm_card_carousel_child title=&#8220;4. Globales Botschafter-Prinzip&#8220; image=&#8220;https:\/\/positive-partners.de\/wp-content\/uploads\/2023\/06\/social-media-2528410_1920-1024&#215;479.jpg&#8220; button_text=&#8220;Mehr erfahren&#8220; button_url_new_window=&#8220;1&#8243; _builder_version=&#8220;4.25.1&#8243; _module_preset=&#8220;default&#8220; background_color=&#8220;#FFFFFF&#8220; background_enable_color=&#8220;on&#8220; dsm_modules_popup=&#8220;on&#8220; dsm_modules_popup_library=&#8220;618&#8243; global_colors_info=&#8220;{}&#8220; parent_button=&#8220;off&#8220; parent_header_level=&#8220;h4&#8243;]<\/p>\n<p><span>Die globale Vernetzung mit externen Agenturen, handverlesenen Positive Partners\u00a9 nativen Botschaftern und Scouts weltweit bedeutet, dass Positive Partners\u00a9 den Wunschradius abh\u00e4ngig von Ihren pers\u00f6nlichen Pr\u00e4ferenzen regional auf den gesamten deutschsprachigen Raum justieren kann oder transkontinental bzw. auf bestimmte Kulturen ausweiten kann. Durch ein strategisch durchdachtes System suchen im Maximalfall Menschen rund um den Globus f\u00fcr Sie ohne Ihre Identit\u00e4t zu kennen!<\/span><\/p>\n<p>[\/dsm_card_carousel_child][dsm_card_carousel_child title=&#8220;5. Exklusivmitgliedschaftsprinzip&#8220; image=&#8220;https:\/\/positive-partners.de\/wp-content\/uploads\/2023\/06\/vip-privilege-program-cutting-in-line-2022-10-25-22-10-07-utc-1024&#215;633.jpg&#8220; button_text=&#8220;Mehr erfahren&#8220; button_url_new_window=&#8220;1&#8243; _builder_version=&#8220;4.25.1&#8243; _module_preset=&#8220;default&#8220; background_color=&#8220;#FFFFFF&#8220; background_enable_color=&#8220;on&#8220; dsm_modules_popup=&#8220;on&#8220; dsm_modules_popup_library=&#8220;622&#8243; global_colors_info=&#8220;{}&#8220; parent_button=&#8220;off&#8220; parent_header_level=&#8220;h4&#8243;]<\/p>\n<p><span>Erster Schritt der aktiven Suche ist ein Abgleich mit Positive Partners\u00a9 handverlesener Exklusivkartei, die \u00fcber Castings und Empfehlungen unserer Botschafter und Scouts dynamisch an neuen Pers\u00f6nlichkeiten dazu gewinnt. Dem Motto &#8222;Klasse statt Masse&#8220; folgend ist eine Aufnahme nur nach einem pers\u00f6nlichen Casting durch Positive Partners\u00a9 m\u00f6glich, so dass jedes Mitglied Positive Partners\u00a9 pers\u00f6nlich bekannt und fotografisch &amp; videografisch pr\u00e4sentierbar ist. Vermittelt wird stets nach dem Prizip der besten Passung. <\/span><\/p>\n<p>[\/dsm_card_carousel_child][dsm_card_carousel_child title=&#8220;6. Prinzip professioneller N\u00e4he&#8220; image=&#8220;https:\/\/positive-partners.de\/wp-content\/uploads\/2023\/06\/technology-meets-humanity-background-modern-remak-2022-12-16-00-28-24-utc-1024&#215;683.jpg&#8220; button_text=&#8220;Mehr erfahren&#8220; button_url_new_window=&#8220;1&#8243; _builder_version=&#8220;4.25.1&#8243; _module_preset=&#8220;default&#8220; background_color=&#8220;#FFFFFF&#8220; background_enable_color=&#8220;on&#8220; dsm_modules_popup=&#8220;on&#8220; dsm_modules_popup_library=&#8220;623&#8243; global_colors_info=&#8220;{}&#8220; parent_button=&#8220;off&#8220; parent_header_level=&#8220;h4&#8243;]<\/p>\n<p><span>Statt mechanisch-algorhytmischer Abfertigung werden Sie bei Positive Partners\u00a9 menschlich abgeholt, professionell-klientenzentriert auf dem gesamten Weg zu Ihrer Wunschpartnerschaft begleitet und falls gew\u00fcnscht w\u00e4hrend der ersten Etappen der neuen Beziehung gecoacht. Die professionelle N\u00e4he erm\u00f6glicht tiefsch\u00fcrfende Gespr\u00e4che, gern auch \u00fcber Wunschkriterien, die selten von KI gest\u00fctzen Systemen abgefragt oder nicht psychologischen Agenturen thematisiert werden wie beispielsweise sexuelle Bed\u00fcrfnisse und den Einbezug vorhandener Familienmitglieder. <\/span><\/p>\n<p>[\/dsm_card_carousel_child][dsm_card_carousel_child title=&#8220;7. Positiv-Karma-Prinzip&#8220; image=&#8220;https:\/\/positive-partners.de\/wp-content\/uploads\/2023\/06\/caucasian-woman-near-a-brown-horse-during-a-sunny-2023-02-28-05-23-08-utc-1024&#215;683.jpeg&#8220; button_text=&#8220;Mehr erfahren&#8220; button_url_new_window=&#8220;1&#8243; _builder_version=&#8220;4.25.1&#8243; _module_preset=&#8220;default&#8220; background_color=&#8220;#FFFFFF&#8220; background_enable_color=&#8220;on&#8220; dsm_modules_popup=&#8220;on&#8220; dsm_modules_popup_library=&#8220;624&#8243; global_colors_info=&#8220;{}&#8220; parent_button=&#8220;off&#8220; parent_header_level=&#8220;h4&#8243;]<\/p>\n<p><span>Positive Partners\u00a9 setzt sich f\u00fcr einen positiven Kreislauf ein und f\u00fchrt Pers\u00f6nlichkeiten zusammen, die auch durch charakterliche Sch\u00f6nheit punkten, um Gutes zu n\u00e4hren und positive Beitr\u00e4ge f\u00fcr Menschen und Tiere au\u00dferhalb der priviligierten Community zu erm\u00f6glichen.<\/span><\/p>\n<p>[\/dsm_card_carousel_child][\/dsm_card_carousel][\/et_pb_column][\/et_pb_row][\/et_pb_section]<\/p>\n","protected":false},"excerpt":{"rendered":"<p>First-Hand Erkenntnisse aus der internationalen MatchmakingindustrieWie in der Gr\u00fcndungsmission verankert, ist es Positive Partners\u00a9\u00a0oberstes Anliegen, die wesentlichen Negativa der heutigen Matchmakingindustrie zu identifizieren, diese zu \u00fcberwinden und in Positiva umzuwandeln. Dieser Leitgedanke entstand aus einer gr\u00fcndlichen Marktrecherche und der intensiven, zw\u00f6lfmonatigen Erfahrung bei einer international f\u00fchrenden Matchmakingagentur, der ich als Leiterin des D-A-CH Marktes vorstehen sollte. Anstatt ein Teil des bestehenden Estabishments zu werden, gr\u00fcndete ich meine eigene Agentur Positive Partners\u00a9, um die beobachteten Handicaps zu heilen. Die Vorerfahrung erm\u00f6glichte mir ganz klar zu erkennen, durch welche sieben Prinzipien sich Positive Partners\u00a9 von etablierten Matchmaking Agenturen unterscheiden soll. Wenn Sie Mehr erfahren am Ende der nachfolgend aufgef\u00fchrten Kacheln anklicken, k\u00f6nnen Sie \u00fcber die h\u00e4ufigsten Matchmaking-Risiken und Ihre Positive Partners\u00a9-spezifischen L\u00f6sungen lesen.<div class=\"et_pb_module dsm_card_carousel dsm_card_carousel_0 dsm_card_carousel_layout_stacked  dsm_card_carousel_equal_height\">\n\t\t\t\t\n\t\t\t\t\n\t\t\t\t\n\t\t\t\t\n\t\t\t\t\n\t\t\t\t\n\t\t\t\t<div class=\"et_pb_module_inner\">\n\t\t\t\t\t\n\t\t\t\n\t\t\t<div class=\"swiper-container dsm_card_carousel_wrapper\" dir=\"ltr\" data-params=\"[{&quot;direction&quot;:&quot;horizontal&quot;,&quot;effect&quot;:&quot;default&quot;,&quot;slider_effect_shadows&quot;:false,&quot;slider_effect_coverflow_rotate&quot;:&quot;30&quot;,&quot;slider_effect_coverflow_depth&quot;:&quot;0&quot;,&quot;loop&quot;:false,&quot;infinite_smooth_scrolling&quot;:false,&quot;slide_to_show&quot;:&quot;3&quot;,&quot;slide_to_show_tablet&quot;:&quot;1&quot;,&quot;slide_to_show_phone&quot;:&quot;1&quot;,&quot;slide_to_scroll&quot;:&quot;1&quot;,&quot;slide_to_scroll_tablet&quot;:&quot;1&quot;,&quot;slide_to_scroll_phone&quot;:&quot;1&quot;,&quot;space_between&quot;:&quot;15&quot;,&quot;space_between_tablet&quot;:&quot;15&quot;,&quot;space_between_phone&quot;:&quot;15&quot;,&quot;centered_slides&quot;:false,&quot;multiple_slide_row&quot;:&quot;off&quot;,&quot;slide_row&quot;:&quot;1&quot;,&quot;slide_row_tablet&quot;:&quot;1&quot;,&quot;slide_row_phone&quot;:&quot;1&quot;,&quot;speed&quot;:&quot;1000&quot;,&quot;autoplay&quot;:true,&quot;autoplay_speed&quot;:&quot;14000&quot;,&quot;autoplay_viewport&quot;:&quot;80%&quot;,&quot;touch_move&quot;:true,&quot;grab&quot;:true,&quot;pause_on_hover&quot;:true,&quot;mousewheel&quot;:false,&quot;auto_height&quot;:false,&quot;equal_height&quot;:false,&quot;equal_height_tablet&quot;:true,&quot;equal_height_phone&quot;:true}]\">\n\t\t\t<div class=\"swiper-wrapper\"><\/div>\n\t\t\t<\/div><div class=\"swiper-button-prev dsm_card_carousel_arrow\" data-icon=\"4\"><\/div><div class=\"swiper-button-next dsm_card_carousel_arrow\" data-icon=\"5\"><\/div><div class=\"swiper-pagination dsm_card_carousel_pagination\"><\/div>\n\t\t\t\t<\/div>\n\t\t\t<\/div><div data-dsm-popup-order-class=\"dsm_card_carousel_child_0\" data-dsm-popup-id=\"625\" data-dsm-popup-cookie-consent=\"off\" data-dsm-popup-position=\"center\"  data-dsm-popup-position-tablet=\"center\" data-dsm-popup-position-phone=\"center\" data-dsm-popup-position-type=\"absolute\"  data-dsm-popup-animation-in=\"fadeIn\" data-dsm-popup-animation-out=\"fadeOut\" data-dsm-popup-trigger=\"module\" data-dsm-popup-close-trigger=\"true\" data-dsm-popup-type=\"inline\"         data-dsm-popup-background=\"rgba(0,0,0,0.8)\" data-dsm-popup-button=\"on\" data-dsm-popup-close-button-placement=\"true\" data-dsm-popup-close-font-icon=\"M\" data-dsm-popup-fullwidth-width=\"off\" data-dsm-popup-removal-delay=\"500\" class=\"dsm_card_carousel_child dsm-popup-module dsm-popup-trigger dsm_card_carousel_child_0 swiper-slide\">\n\t\t\t\t\n\t\t\t\t\n\t\t\t\t\n\t\t\t\t\n\t\t\t\t\n\t\t\t\t\n\t\t\t\t<div class=\"et_pb_module_inner\">\n\t\t\t\t\t\n\t\t\t\n\t\t\t<figure class=\"dsm_card_carousel_child_image_wrapper dsm_card_carousel_child_badge_top_right\"><div class=\"dsm_card_carousel_child_image_background dsm_card_carousel_child_img\"><\/div><\/figure>\n\t\t\t<div class=\"dsm_card_wrapper et_pb_text_align_left et_pb_bg_layout_light\">\n\t\t\t\t\t<h4 class=\"dsm_card_title et_pb_module_header\">1. Expertenprinzip durch Exklusivit\u00e4tsversprechen<\/h4>\n\t\t\t\t\t\n\t\t\t\t\t<div class=\"dsm_card_carousel_child_description\">Als internationaler Privatklient einer psychologischen Consultancy haben Sie bei Positive Partners\u00a9 Anspruch darauf, w\u00e4hrend der gesamten Customer Journey exklusiv von der\u00a0 promovierten psychologischen Expertin als Matchmakerin begleitet zu werden, die das Unternehmen als Galionsfigur repr\u00e4sentiert.<\/div>\n\t\t\t\t\t<div class=\"et_pb_button_wrapper\"><a class=\"et_pb_button et_pb_more_button \" href=\"\">Mehr erfahren<\/a><\/div>\n\t\t\t\t<\/div>\n\t\t\t\t<\/div>\n\t\t\t<\/div><div class=\"dsm_card_carousel_child dsm_card_carousel_child_1 swiper-slide\">\n\t\t\t\t\n\t\t\t\t\n\t\t\t\t\n\t\t\t\t\n\t\t\t\t\n\t\t\t\t\n\t\t\t\t<div class=\"et_pb_module_inner\">\n\t\t\t\t\t\n\t\t\t\n\t\t\t<figure class=\"dsm_card_carousel_child_image_wrapper dsm_card_carousel_child_badge_top_right\"><div class=\"dsm_card_carousel_child_image_background dsm_card_carousel_child_img\"><\/div><\/figure>\n\t\t\t<div class=\"dsm_card_wrapper et_pb_text_align_left et_pb_bg_layout_light\">\n\t\t\t\t\t<h4 class=\"dsm_card_title et_pb_module_header\">&#8220;2.<\/h4>\n\t\t\t\t\t\n\t\t\t\t\t\n\t\t\t\t\t<div class=\"et_pb_button_wrapper\"><a class=\"et_pb_button et_pb_more_button \" href=\"\">&#8220;Mehr<\/a><\/div>\n\t\t\t\t<\/div>\n\t\t\t\t<\/div>\n\t\t\t<\/div><\/p>\n","protected":false},"author":1,"featured_media":0,"parent":0,"menu_order":0,"comment_status":"closed","ping_status":"closed","template":"","meta":{"_et_pb_use_builder":"on","_et_pb_old_content":"","_et_gb_content_width":"","inline_featured_image":false,"footnotes":""},"class_list":["post-218","page","type-page","status-publish","hentry"],"_links":{"self":[{"href":"https:\/\/positive-partners.de\/en\/wp-json\/wp\/v2\/pages\/218","targetHints":{"allow":["GET"]}}],"collection":[{"href":"https:\/\/positive-partners.de\/en\/wp-json\/wp\/v2\/pages"}],"about":[{"href":"https:\/\/positive-partners.de\/en\/wp-json\/wp\/v2\/types\/page"}],"author":[{"embeddable":true,"href":"https:\/\/positive-partners.de\/en\/wp-json\/wp\/v2\/users\/1"}],"replies":[{"embeddable":true,"href":"https:\/\/positive-partners.de\/en\/wp-json\/wp\/v2\/comments?post=218"}],"version-history":[{"count":37,"href":"https:\/\/positive-partners.de\/en\/wp-json\/wp\/v2\/pages\/218\/revisions"}],"predecessor-version":[{"id":1112,"href":"https:\/\/positive-partners.de\/en\/wp-json\/wp\/v2\/pages\/218\/revisions\/1112"}],"wp:attachment":[{"href":"https:\/\/positive-partners.de\/en\/wp-json\/wp\/v2\/media?parent=218"}],"curies":[{"name":"wp","href":"https:\/\/api.w.org\/{rel}","templated":true}]}}