{"id":267,"date":"2023-03-21T15:33:04","date_gmt":"2023-03-21T14:33:04","guid":{"rendered":"https:\/\/positive-partners.de\/?page_id=267"},"modified":"2024-07-19T13:42:17","modified_gmt":"2024-07-19T11:42:17","slug":"expertenleistungen","status":"publish","type":"page","link":"https:\/\/positive-partners.de\/en\/expertenleistungen\/","title":{"rendered":"Professional Services"},"content":{"rendered":"<p>[et_pb_section fb_built=&#8220;1&#8243; _builder_version=&#8220;4.20.0&#8243; _module_preset=&#8220;default&#8220; background_color=&#8220;#571962&#8243; custom_margin=&#8220;0px||0px||false|false&#8220; custom_padding=&#8220;0px||0px||false|false&#8220; global_module=&#8220;187&#8243; saved_tabs=&#8220;all&#8220; global_colors_info=&#8220;{}&#8220;][et_pb_row _builder_version=&#8220;4.19.0&#8243; _module_preset=&#8220;default&#8220; global_colors_info=&#8220;{}&#8220;][et_pb_column type=&#8220;4_4&#8243; _builder_version=&#8220;4.19.0&#8243; _module_preset=&#8220;default&#8220; global_colors_info=&#8220;{}&#8220;][et_pb_text _builder_version=&#8220;4.20.4&#8243; _dynamic_attributes=&#8220;content&#8220; _module_preset=&#8220;default&#8220; header_text_align=&#8220;center&#8220; header_text_color=&#8220;#FFFFFF&#8220; custom_margin=&#8220;0px||0px||false|false&#8220; custom_padding=&#8220;1rem||0.5rem||false|false&#8220; global_colors_info=&#8220;{}&#8220;]@ET-DC@eyJkeW5hbWljIjp0cnVlLCJjb250ZW50IjoicG9zdF90aXRsZSIsInNldHRpbmdzIjp7ImJlZm9yZSI6IjxoMT4iLCJhZnRlciI6IjwvaDE+In19@[\/et_pb_text][\/et_pb_column][\/et_pb_row][\/et_pb_section][et_pb_section fb_built=&#8220;1&#8243; _builder_version=&#8220;4.20.4&#8243; _module_preset=&#8220;default&#8220; custom_margin=&#8220;||0px||false|false&#8220; custom_padding=&#8220;||0px||false|false&#8220; global_colors_info=&#8220;{}&#8220;][et_pb_row _builder_version=&#8220;4.20.0&#8243; _module_preset=&#8220;default&#8220; global_colors_info=&#8220;{}&#8220;][et_pb_column type=&#8220;4_4&#8243; _builder_version=&#8220;4.20.0&#8243; _module_preset=&#8220;default&#8220; global_colors_info=&#8220;{}&#8220;][et_pb_text _builder_version=&#8220;4.20.4&#8243; _module_preset=&#8220;default&#8220; text_font=&#8220;||||||||&#8220; custom_padding=&#8220;81px|||||&#8220; global_colors_info=&#8220;{}&#8220;]<\/p>\n<p>Als<strong> Privatklient<\/strong> folgt Ihre Customer Journey einem strukturierten Ablauf. Die inhaltliche Umsetzung entspricht dabei den im Erstgespr\u00e4ch gemeinsam konkretisierten Vereinbarungen. Bei dieser Gelegenheit erfahren Sie mehr \u00fcber die einzelnen Schl\u00fcsselleistungen und k\u00f6nnen einen individualisierten Flow der passensten, auf einander aufbauenden Module &#8222;customised&#8220; zusammenstellen. Die konkrete Ausgestaltung ist ebenfalls ma\u00dfvoll auf Ihre W\u00fcnsche zugeschneidert, um Ihnen eine einzigartige Customer Journey zu erm\u00f6glichen, die von Positive Partners\u00a9 Konzept einer Full Service Consultancy profitiert.<\/p>\n<p>Einzelne Leistungen sind auch f\u00fcr (Premium) <strong>Exklusivmitglieder<\/strong> modular zubuchbar, wie beispielsweise eine psychologische Vorbereitung auf in vivo Dating-Situationen (Modul Date Coaching &amp; Date Debriefing) oder die reflektierende Analyse vergangener Partnerwahl- &amp; Datingmuster.<\/p>\n<p>[\/et_pb_text][\/et_pb_column][\/et_pb_row][\/et_pb_section][et_pb_section fb_built=&#8220;1&#8243; _builder_version=&#8220;4.20.4&#8243; _module_preset=&#8220;default&#8220; global_colors_info=&#8220;{}&#8220;][et_pb_row _builder_version=&#8220;4.20.4&#8243; _module_preset=&#8220;default&#8220; global_colors_info=&#8220;{}&#8220;][et_pb_column type=&#8220;4_4&#8243; _builder_version=&#8220;4.20.4&#8243; _module_preset=&#8220;default&#8220; custom_css_main_element=&#8220;display: flex;||align-items: center;||justify-content: center;||flex-wrap: wrap;&#8220; global_colors_info=&#8220;{}&#8220;][dsm_card title=&#8220;1. Pers\u00f6nliches Erstgespr\u00e4ch&#8220; layout=&#8220;inline&#8220; image=&#8220;https:\/\/positive-partners.de\/wp-content\/uploads\/2023\/05\/Usqq91LhT5rrGBJb.jpeg&#8220; image_background_height=&#8220;424px&#8220; button_text=&#8220;Mehr erfahren&#8220; button_url_new_window=&#8220;1&#8243; layout_tablet=&#8220;stacked&#8220; layout_phone=&#8220;stacked&#8220; layout_last_edited=&#8220;on|tablet&#8220; _builder_version=&#8220;4.20.4&#8243; _module_preset=&#8220;default&#8220; background_color=&#8220;#FFFFFF&#8220; dsm_modules_popup=&#8220;on&#8220; dsm_modules_popup_library=&#8220;401&#8243; global_colors_info=&#8220;{}&#8220;]<\/p>\n<p>Seite an Seite entscheiden wir zun\u00e4chst gemeinsam im pers\u00f6nlichen Erstgespr\u00e4ch, ob wir f\u00fcr Ihre pers\u00f6nliche Journey und individuellen W\u00fcnsche ein passendes Klienten-Profi-Match sind. Anschlie\u00dfend bleibt ausreichend Raum f\u00fcr die Beantwortung aller Fragen bez\u00fcglich des bevorstehenden Matchmaking-Prozesses.<\/p>\n<p>[\/dsm_card][dsm_card title=&#8220;2. Profiling 360\u00b0 Ihrer Pers\u00f6nlichkeit &#038; Ihres Wunschpartnerprofils&#8220; layout=&#8220;inline&#8220; image=&#8220;https:\/\/positive-partners.de\/wp-content\/uploads\/2023\/05\/20230406_155705-1.jpg&#8220; image_background_height=&#8220;424px&#8220; button_text=&#8220;Mehr erfahren&#8220; button_url_new_window=&#8220;1&#8243; layout_tablet=&#8220;stacked&#8220; layout_phone=&#8220;stacked&#8220; layout_last_edited=&#8220;on|tablet&#8220; _builder_version=&#8220;4.20.4&#8243; _module_preset=&#8220;default&#8220; background_color=&#8220;#FFFFFF&#8220; dsm_modules_popup=&#8220;on&#8220; dsm_modules_popup_library=&#8220;666&#8243; global_colors_info=&#8220;{}&#8220;]<\/p>\n<p>Ihre eigentliche Reise beginnt mit der Erstellung Ihres pers\u00f6nlichen Profils und der hieran ankn\u00fcpfenden Definition Ihres Wunschpartnerprofils in Ihrer Repr\u00e4sentanz.<\/p>\n<p>[\/dsm_card][dsm_card title=&#8220;3. Heart-Hunting &#038; Psychologisches Screening&#8220; layout=&#8220;inline&#8220; image=&#8220;https:\/\/positive-partners.de\/wp-content\/uploads\/2023\/05\/Moegliches-Foto-fuer-3.-Heart-Hunting.jpeg&#8220; image_background_height=&#8220;424px&#8220; button_text=&#8220;Mehr erfahren&#8220; button_url_new_window=&#8220;1&#8243; layout_tablet=&#8220;stacked&#8220; layout_phone=&#8220;stacked&#8220; layout_last_edited=&#8220;on|phone&#8220; _builder_version=&#8220;4.20.4&#8243; _module_preset=&#8220;default&#8220; background_color=&#8220;#FFFFFF&#8220; dsm_modules_popup=&#8220;on&#8220; dsm_modules_popup_library=&#8220;667&#8243; global_colors_info=&#8220;{}&#8220;]<\/p>\n<p>Mit dem klar definierten Suchprofil beginnt Positive Partners\u00a9 proaktive Mission inklusive der Aktivierung relevanter Agenturen, Botschafter, Scouts nach dem Abgleich mit unserer eigenen Exklusivkartei. Vergleichbar einer Brokerage sucht Positive Partners\u00a9 breitfl\u00e4chig und screent tiefgr\u00fcndig, wem Sie in einem pers\u00f6nlichen Kennenlernen Ihre wertvolle Zeit widmen.<\/p>\n<p>[\/dsm_card][dsm_card title=&#8220;4. Vertiefende \u00dcberpr\u00fcfung&#8220; layout=&#8220;inline&#8220; image=&#8220;https:\/\/positive-partners.de\/wp-content\/uploads\/2023\/05\/figurines-of-men-on-a-white-table-and-magnifying-g-2022-05-19-13-32-37-utc.jpg&#8220; image_background_height=&#8220;424px&#8220; button_text=&#8220;Mehr erfahren&#8220; button_url_new_window=&#8220;1&#8243; layout_tablet=&#8220;stacked&#8220; layout_phone=&#8220;stacked&#8220; layout_last_edited=&#8220;on|phone&#8220; _builder_version=&#8220;4.20.4&#8243; _module_preset=&#8220;default&#8220; background_color=&#8220;#FFFFFF&#8220; dsm_modules_popup=&#8220;on&#8220; dsm_modules_popup_library=&#8220;668&#8243; global_colors_info=&#8220;{}&#8220;]<\/p>\n<p>Auf Wunsch vermitteln wir als Kooperationspartner einen externen Detektei-Service, um die Angaben potentielle Partnerpers\u00f6nlichkeiten vertieft verifizieren zu lassen.\u00a0\u00a0\u00a0\u00a0\u00a0\u00a0\u00a0\u00a0\u00a0\u00a0\u00a0\u00a0\u00a0\u00a0\u00a0\u00a0\u00a0\u00a0\u00a0\u00a0\u00a0\u00a0\u00a0\u00a0\u00a0\u00a0\u00a0\u00a0\u00a0\u00a0\u00a0\u00a0\u00a0\u00a0\u00a0\u00a0\u00a0\u00a0\u00a0\u00a0\u00a0\u00a0\u00a0<\/p>\n<p>[\/dsm_card][dsm_card title=&#8220;5. Happy Beginnings durch Psychologische &#038; Logistische Begegnungsplanung&#8220; layout=&#8220;inline&#8220; image=&#8220;https:\/\/positive-partners.de\/wp-content\/uploads\/2023\/05\/young-couple-on-first-date-outdoor-shot-summer-da-2022-11-19-08-12-56-utc.jpg&#8220; image_background_height=&#8220;424px&#8220; button_text=&#8220;Mehr erfahren&#8220; button_url_new_window=&#8220;1&#8243; layout_tablet=&#8220;stacked&#8220; layout_phone=&#8220;stacked&#8220; layout_last_edited=&#8220;on|phone&#8220; _builder_version=&#8220;4.20.4&#8243; _module_preset=&#8220;default&#8220; background_color=&#8220;#FFFFFF&#8220; dsm_modules_popup=&#8220;on&#8220; dsm_modules_popup_library=&#8220;669&#8243; global_colors_info=&#8220;{}&#8220;]<\/p>\n<p>Positive Partners\u00a9 organisiert Ihre Erstbegegnungen, Folgedates und vertiefende Kurzurlaube mit passenden Matches auf Wunsch mit Concierge Service an exklusiven Seaside Locations an der Cote d&#8217;Azur oder der German Riviera.<\/p>\n<p>[\/dsm_card][dsm_card title=&#8220;6. Date-Coaching &#038; Date Debriefing&#8220; layout=&#8220;inline&#8220; image=&#8220;https:\/\/positive-partners.de\/wp-content\/uploads\/2023\/05\/the-happy-man-and-woman-have-a-romantic-date-in-a-2022-11-15-05-05-40-utc.jpg&#8220; image_background_height=&#8220;424px&#8220; button_text=&#8220;Mehr erfahren&#8220; button_url_new_window=&#8220;1&#8243; layout_tablet=&#8220;stacked&#8220; layout_phone=&#8220;stacked&#8220; layout_last_edited=&#8220;on|phone&#8220; _builder_version=&#8220;4.20.4&#8243; _module_preset=&#8220;default&#8220; background_color=&#8220;#FFFFFF&#8220; dsm_modules_popup=&#8220;on&#8220; dsm_modules_popup_library=&#8220;670&#8243; global_colors_info=&#8220;{}&#8220;]<\/p>\n<p>Positive Partners\u00a9 bereitet Sie psychologisch auf jedes Date vor und reflektiert alle Begegnungen mit Ihnen, der Zusage &#8222;You never date alone&#8220; folgend.<\/p>\n<p>[\/dsm_card][dsm_card title=&#8220;7. After Match Services&#8220; layout=&#8220;inline&#8220; image=&#8220;https:\/\/positive-partners.de\/wp-content\/uploads\/2023\/05\/young-couple-navigating-on-a-yacht-in-indian-ocean-2022-02-12-05-58-45-utc.jpg&#8220; image_background_height=&#8220;424px&#8220; button_text=&#8220;Mehr erfahren&#8220; button_url_new_window=&#8220;1&#8243; layout_tablet=&#8220;stacked&#8220; layout_phone=&#8220;stacked&#8220; layout_last_edited=&#8220;on|phone&#8220; _builder_version=&#8220;4.20.4&#8243; _module_preset=&#8220;default&#8220; background_color=&#8220;#FFFFFF&#8220; dsm_modules_popup=&#8220;on&#8220; dsm_modules_popup_library=&#8220;671&#8243; global_colors_info=&#8220;{}&#8220;]<\/p>\n<p>Sie haben die M\u00f6glichkeit, Ihre Journey nach dem eigentlichen Matchmaking zu verl\u00e4ngern, um die Transition in den Beziehungsalltag und m\u00f6gliche Herausforderungen professionell durch die Person begleiten zu lassen, der Sie bereits Ihr Vertrauen geschenkt haben und die Sie und Ihr Match vertieft kennt.<\/p>\n<p>[\/dsm_card][\/et_pb_column][\/et_pb_row][\/et_pb_section]<\/p>\n","protected":false},"excerpt":{"rendered":"<p>Als Privatklient folgt Ihre Customer Journey einem strukturierten Ablauf. Die inhaltliche Umsetzung entspricht dabei den im Erstgespr\u00e4ch gemeinsam konkretisierten Vereinbarungen. Bei dieser Gelegenheit erfahren Sie mehr \u00fcber die einzelnen Schl\u00fcsselleistungen und k\u00f6nnen einen individualisierten Flow der passensten, auf einander aufbauenden Module &#8222;customised&#8220; zusammenstellen. Die konkrete Ausgestaltung ist ebenfalls ma\u00dfvoll auf Ihre W\u00fcnsche zugeschneidert, um Ihnen eine einzigartige Customer Journey zu erm\u00f6glichen, die von Positive Partners\u00a9 Konzept einer Full Service Consultancy profitiert. Einzelne Leistungen sind auch f\u00fcr (Premium) Exklusivmitglieder modular zubuchbar, wie beispielsweise eine psychologische Vorbereitung auf in vivo Dating-Situationen (Modul Date Coaching &amp; Date Debriefing) oder die reflektierende Analyse vergangener Partnerwahl- &amp; Datingmuster.<div data-dsm-popup-order-class=\"dsm_card_0\" data-dsm-popup-id=\"401\" data-dsm-popup-cookie-consent=\"off\" data-dsm-popup-position=\"center\"  data-dsm-popup-position-tablet=\"center\" data-dsm-popup-position-phone=\"center\" data-dsm-popup-position-type=\"absolute\"  data-dsm-popup-animation-in=\"fadeIn\" data-dsm-popup-animation-out=\"fadeOut\" data-dsm-popup-trigger=\"module\" data-dsm-popup-close-trigger=\"true\" data-dsm-popup-type=\"inline\"         data-dsm-popup-background=\"rgba(0,0,0,0.8)\" data-dsm-popup-button=\"on\" data-dsm-popup-close-button-placement=\"true\" data-dsm-popup-close-font-icon=\"M\" data-dsm-popup-fullwidth-width=\"off\" data-dsm-popup-removal-delay=\"500\" class=\"et_pb_module dsm-popup-module dsm-popup-trigger dsm_card dsm_card_0 et_pb_bg_layout_light  dsm_card_layout_inline dsm_card_tablet_layout_stacked\">\n\t\t\t\t\n\t\t\t\t\n\t\t\t\t\n\t\t\t\t\n\t\t\t\t\n\t\t\t\t\n\t\t\t\t<div class=\"et_pb_module_inner\">\n\t\t\t\t\t\n\t\t\t\n\t\t\t<figure class=\"dsm_card_image_wrapper dsm_card_badge_top_right\"><div class=\"dsm_card_image_background dsm_card_img\"><\/div><\/figure>\n\t\t\t<div data-dsm-popup-order-class=\"dsm_card_0\" data-dsm-popup-id=\"401\" data-dsm-popup-cookie-consent=\"off\" data-dsm-popup-position=\"center\"  data-dsm-popup-position-tablet=\"center\" data-dsm-popup-position-phone=\"center\" data-dsm-popup-position-type=\"absolute\"  data-dsm-popup-animation-in=\"fadeIn\" data-dsm-popup-animation-out=\"fadeOut\" data-dsm-popup-trigger=\"module\" data-dsm-popup-close-trigger=\"true\" data-dsm-popup-type=\"inline\"         data-dsm-popup-background=\"rgba(0,0,0,0.8)\" data-dsm-popup-button=\"on\" data-dsm-popup-close-button-placement=\"true\" data-dsm-popup-close-font-icon=\"M\" data-dsm-popup-fullwidth-width=\"off\" data-dsm-popup-removal-delay=\"500\" class=\"et_pb_module dsm-popup-module dsm-popup-trigger dsm_card_wrapper et_pb_text_align_left\">\n\t\t\t\t\t\n\t\t\t\t\t<h4 class=\"dsm_card_title et_pb_module_header\">1. Initial Session<\/h4>\n\t\t\t\t\t\n\t\t\t\t\t<div class=\"dsm_card_description\">Firstly, we will decide side by side if we you as a client and me as a psychological matchmaking professional are the best match for your matchmaking journey. If we both decide to embark on your matchmaking journey, the remainder of the first session will be dedicated to outlining the individual modules and procedures on offer and to answer in depth all questions which you may have concerning the entire matchmaking process.<\/div>\n\t\t\t\t\t<div class=\"et_pb_button_wrapper\"><a class=\"et_pb_button et_pb_more_button\" href=\"\">Positive Partners<\/a><\/div>\n\t\t\t\t<\/div>\n\t\t\t\n\t\t\t\t<\/div>\n\t\t\t<\/div><div data-dsm-popup-order-class=\"dsm_card_1\" data-dsm-popup-id=\"666\" data-dsm-popup-cookie-consent=\"off\" data-dsm-popup-position=\"center\"  data-dsm-popup-position-tablet=\"center\" data-dsm-popup-position-phone=\"center\" data-dsm-popup-position-type=\"absolute\"  data-dsm-popup-animation-in=\"fadeIn\" data-dsm-popup-animation-out=\"fadeOut\" data-dsm-popup-trigger=\"module\" data-dsm-popup-close-trigger=\"true\" data-dsm-popup-type=\"inline\"         data-dsm-popup-background=\"rgba(0,0,0,0.8)\" data-dsm-popup-button=\"on\" data-dsm-popup-close-button-placement=\"true\" data-dsm-popup-close-font-icon=\"M\" data-dsm-popup-fullwidth-width=\"off\" data-dsm-popup-removal-delay=\"500\" class=\"et_pb_module dsm-popup-module dsm-popup-trigger dsm_card dsm_card_1 et_pb_bg_layout_light  dsm_card_layout_inline dsm_card_tablet_layout_stacked\">\n\t\t\t\t\n\t\t\t\t\n\t\t\t\t\n\t\t\t\t\n\t\t\t\t\n\t\t\t\t\n\t\t\t\t<div class=\"et_pb_module_inner\">\n\t\t\t\t\t\n\t\t\t\n\t\t\t<figure class=\"dsm_card_image_wrapper dsm_card_badge_top_right\"><div class=\"dsm_card_image_background dsm_card_img\"><\/div><\/figure>\n\t\t\t<div data-dsm-popup-order-class=\"dsm_card_1\" data-dsm-popup-id=\"666\" data-dsm-popup-cookie-consent=\"off\" data-dsm-popup-position=\"center\"  data-dsm-popup-position-tablet=\"center\" data-dsm-popup-position-phone=\"center\" data-dsm-popup-position-type=\"absolute\"  data-dsm-popup-animation-in=\"fadeIn\" data-dsm-popup-animation-out=\"fadeOut\" data-dsm-popup-trigger=\"module\" data-dsm-popup-close-trigger=\"true\" data-dsm-popup-type=\"inline\"         data-dsm-popup-background=\"rgba(0,0,0,0.8)\" data-dsm-popup-button=\"on\" data-dsm-popup-close-button-placement=\"true\" data-dsm-popup-close-font-icon=\"M\" data-dsm-popup-fullwidth-width=\"off\" data-dsm-popup-removal-delay=\"500\" class=\"et_pb_module dsm-popup-module dsm-popup-trigger dsm_card_wrapper et_pb_text_align_left\">\n\t\t\t\t\t\n\t\t\t\t\t<h4 class=\"dsm_card_title et_pb_module_header\">2. Profiling 360\u00b0 Ihrer Pers\u00f6nlichkeit &#038; Ihres Wunschpartnerprofils<\/h4>\n\t\t\t\t\t\n\t\t\t\t\t<div class=\"dsm_card_description\">The principal journey begins by specifying your profile and defining the profile of your ideal partner accordingly.<\/div>\n\t\t\t\t\t<div class=\"et_pb_button_wrapper\"><a class=\"et_pb_button et_pb_more_button\" href=\"\">Positive Partners<\/a><\/div>\n\t\t\t\t<\/div>\n\t\t\t\n\t\t\t\t<\/div>\n\t\t\t<\/div><div class=\"et_pb_module dsm_card dsm_card_2 et_pb_bg_layout_light  dsm_card_layout_stacked\">\n\t\t\t\t\n\t\t\t\t\n\t\t\t\t\n\t\t\t\t\n\t\t\t\t\n\t\t\t\t\n\t\t\t\t<div class=\"et_pb_module_inner\">\n\t\t\t\t\t\n\t\t\t\n\t\t\t\n\t\t\t<div class=\"et_pb_module dsm_card_wrapper et_pb_text_align_left\">\n\t\t\t\t\t\n\t\t\t\t\t<h4 class=\"dsm_card_title et_pb_module_header\">&#8220;3.<\/h4>\n\t\t\t\t\t\n\t\t\t\t\t\n\t\t\t\t\t\n\t\t\t\t<\/div>\n\t\t\t\n\t\t\t\t<\/div>\n\t\t\t<\/div><\/p>","protected":false},"author":1,"featured_media":0,"parent":0,"menu_order":0,"comment_status":"closed","ping_status":"closed","template":"","meta":{"_et_pb_use_builder":"on","_et_pb_old_content":"<!-- wp:columns -->\n<div class=\"wp-block-columns\"><!-- wp:column -->\n<div class=\"wp-block-column\"><!-- wp:acf\/latest-posts {\"id\":\"block_616e8f731a178\",\"name\":\"acf\/latest-posts\",\"data\":{\"number_of_posts\":\"6\",\"_number_of_posts\":\"field_614c79d6753b3\"},\"align\":\"\",\"mode\":\"edit\"} \/--><\/div>\n<!-- \/wp:column --><\/div>\n<!-- \/wp:columns -->\n\n<!-- wp:acf\/small-slider {\"id\":\"block_617161261cdb3\",\"name\":\"acf\/small-slider\",\"data\":{\"slider\":[\"112\",\"125\",\"124\",\"123\"],\"_slider\":\"field_61375e7e81eba\"},\"align\":\"\",\"mode\":\"edit\"} \/-->","_et_gb_content_width":"","inline_featured_image":false,"footnotes":""},"class_list":["post-267","page","type-page","status-publish","hentry"],"_links":{"self":[{"href":"https:\/\/positive-partners.de\/en\/wp-json\/wp\/v2\/pages\/267","targetHints":{"allow":["GET"]}}],"collection":[{"href":"https:\/\/positive-partners.de\/en\/wp-json\/wp\/v2\/pages"}],"about":[{"href":"https:\/\/positive-partners.de\/en\/wp-json\/wp\/v2\/types\/page"}],"author":[{"embeddable":true,"href":"https:\/\/positive-partners.de\/en\/wp-json\/wp\/v2\/users\/1"}],"replies":[{"embeddable":true,"href":"https:\/\/positive-partners.de\/en\/wp-json\/wp\/v2\/comments?post=267"}],"version-history":[{"count":28,"href":"https:\/\/positive-partners.de\/en\/wp-json\/wp\/v2\/pages\/267\/revisions"}],"predecessor-version":[{"id":959,"href":"https:\/\/positive-partners.de\/en\/wp-json\/wp\/v2\/pages\/267\/revisions\/959"}],"wp:attachment":[{"href":"https:\/\/positive-partners.de\/en\/wp-json\/wp\/v2\/media?parent=267"}],"curies":[{"name":"wp","href":"https:\/\/api.w.org\/{rel}","templated":true}]}}