{"id":510,"date":"2023-05-23T13:08:54","date_gmt":"2023-05-23T11:08:54","guid":{"rendered":"https:\/\/positive-partners.de\/?page_id=510"},"modified":"2024-07-19T16:26:39","modified_gmt":"2024-07-19T14:26:39","slug":"mitgliedschaftsanfrage","status":"publish","type":"page","link":"https:\/\/positive-partners.de\/en\/mitgliedschaftsanfrage\/","title":{"rendered":"Membership Enquiry"},"content":{"rendered":"<p>[et_pb_section fb_built=&#8220;1&#8243; _builder_version=&#8220;4.20.0&#8243; _module_preset=&#8220;default&#8220; background_color=&#8220;#571962&#8243; custom_margin=&#8220;0px||0px||false|false&#8220; custom_padding=&#8220;0px||0px||false|false&#8220; global_module=&#8220;187&#8243; saved_tabs=&#8220;all&#8220; global_colors_info=&#8220;{}&#8220;][et_pb_row _builder_version=&#8220;4.19.0&#8243; _module_preset=&#8220;default&#8220; global_colors_info=&#8220;{}&#8220;][et_pb_column type=&#8220;4_4&#8243; _builder_version=&#8220;4.19.0&#8243; _module_preset=&#8220;default&#8220; global_colors_info=&#8220;{}&#8220;][et_pb_text _builder_version=&#8220;4.20.4&#8243; _dynamic_attributes=&#8220;content&#8220; _module_preset=&#8220;default&#8220; header_text_align=&#8220;center&#8220; header_text_color=&#8220;#FFFFFF&#8220; custom_margin=&#8220;0px||0px||false|false&#8220; custom_padding=&#8220;1rem||0.5rem||false|false&#8220; global_colors_info=&#8220;{}&#8220;]@ET-DC@eyJkeW5hbWljIjp0cnVlLCJjb250ZW50IjoicG9zdF90aXRsZSIsInNldHRpbmdzIjp7ImJlZm9yZSI6IjxoMT4iLCJhZnRlciI6IjwvaDE+In19@[\/et_pb_text][\/et_pb_column][\/et_pb_row][\/et_pb_section][et_pb_section fb_built=&#8220;1&#8243; admin_label=&#8220;section&#8220; _builder_version=&#8220;4.16&#8243; global_colors_info=&#8220;{}&#8220;][et_pb_row admin_label=&#8220;row&#8220; _builder_version=&#8220;4.16&#8243; background_size=&#8220;initial&#8220; background_position=&#8220;top_left&#8220; background_repeat=&#8220;repeat&#8220; global_colors_info=&#8220;{}&#8220;][et_pb_column type=&#8220;4_4&#8243; _builder_version=&#8220;4.16&#8243; custom_padding=&#8220;|||&#8220; global_colors_info=&#8220;{}&#8220; custom_padding__hover=&#8220;|||&#8220;][et_pb_text _builder_version=&#8220;4.25.2&#8243; _module_preset=&#8220;default&#8220; hover_enabled=&#8220;0&#8243; global_colors_info=&#8220;{}&#8220; custom_padding=&#8220;||0px|||&#8220; sticky_enabled=&#8220;0&#8243;]<\/p>\n<p>Hier k\u00f6nnen Sie Erstkontakt aufnehmen, wenn Sie sich \u00fcber eine Empfehlung unseres Netzwerks f\u00fcr die Aufnahme in unsere Exklusivkartei bewerben m\u00f6chten.<\/p>\n<p>Alternativ zu einer Empfehlung besteht die M\u00f6glichkeit, uns in einem Casting zu \u00fcberzeugen und Passivmitglied unserer handverlesenen Kartei zu werden. Nehmen Sie hierf\u00fcr bitte \u00fcber den Men\u00fc-Unterpunkt <a href=\"https:\/\/positive-partners.de\/castinganfrage\/\">&#8222;Castinganfrage&#8220;<\/a> Kontakt auf.<\/p>\n<p>[\/et_pb_text][\/et_pb_column][\/et_pb_row][et_pb_row column_structure=&#8220;1_2,1_2&#8243; make_equal=&#8220;on&#8220; _builder_version=&#8220;4.25.0&#8243; _module_preset=&#8220;default&#8220; global_colors_info=&#8220;{}&#8220;][et_pb_column type=&#8220;1_2&#8243; _builder_version=&#8220;4.20.0&#8243; _module_preset=&#8220;default&#8220; custom_padding=&#8220;||||false|false&#8220; global_colors_info=&#8220;{}&#8220;][dsm_card title=&#8220;EXKLUSIVMITGLIED&#8220; content_equal_height=&#8220;on&#8220; image=&#8220;https:\/\/positive-partners.de\/wp-content\/uploads\/2023\/03\/Positive-Partners.png&#8220; image_as_background=&#8220;off&#8220; image_width=&#8220;40%&#8220; stretch_image=&#8220;off&#8220; image_alignment=&#8220;center&#8220; button_url_new_window=&#8220;1&#8243; _builder_version=&#8220;4.25.0&#8243; _module_preset=&#8220;default&#8220; background_color=&#8220;#FFFFFF&#8220; global_colors_info=&#8220;{}&#8220;]<\/p>\n<p>zu werden bedeutet die Chance zu nutzen, f\u00fcr unsere Privatklientel als potentielle Partnerpers\u00f6nlichkeit gefunden zu werden.<\/p>\n<p>&nbsp;<\/p>\n<ul>\n<li>Chance mit herausragenden Pers\u00f6nlichkeiten gematcht zu werden<\/li>\n<li>Erstellung einer professionellen Sedcard<\/li>\n<li>Option einer Lebenszeitmitgliedschaft ohne Folgekosten<\/li>\n<\/ul>\n<p>[\/dsm_card][\/et_pb_column][et_pb_column type=&#8220;1_2&#8243; _builder_version=&#8220;4.19.0&#8243; _module_preset=&#8220;default&#8220; global_colors_info=&#8220;{}&#8220;][dsm_card title=&#8220;PREMIUM EXKLUSIVMITGLIED&#8220; content_equal_height=&#8220;on&#8220; image=&#8220;https:\/\/positive-partners.de\/wp-content\/uploads\/2023\/03\/Positive-Partners-300&#215;191.png&#8220; image_as_background=&#8220;off&#8220; image_width=&#8220;40%&#8220; image_alignment=&#8220;center&#8220; button_url_new_window=&#8220;1&#8243; _builder_version=&#8220;4.25.0&#8243; _module_preset=&#8220;default&#8220; header_text_color=&#8220;#FFFFFF&#8220; body_text_color=&#8220;#FFFFFF&#8220; background_color=&#8220;#571962&#8243; border_color_all=&#8220;#C5A970&#8243; global_colors_info=&#8220;{}&#8220;]<\/p>\n<p>zu sein garantiert, dass Sie bei vergleichbarer Passwahrscheinlichkeit anderer Profile unserer Exklusivkartei priorisiert vorgestellt werden.<\/p>\n<p>&nbsp;<\/p>\n<ul>\n<li>Genu\u00df s\u00e4mtlicher Exklusivmitgliedschaftsleistungen<\/li>\n<li>Erh\u00f6hung von Matching-Chancen durch priorisierte Auswahl bei gleicher Passwahrscheinlichkeit<\/li>\n<li>Vorrang bei limitierten Spezialevents von Positive Partners<\/li>\n<\/ul>\n<p>[\/dsm_card][\/et_pb_column][\/et_pb_row][et_pb_row _builder_version=&#8220;4.20.4&#8243; _module_preset=&#8220;default&#8220; global_colors_info=&#8220;{}&#8220;][et_pb_column type=&#8220;4_4&#8243; _builder_version=&#8220;4.20.4&#8243; _module_preset=&#8220;default&#8220; global_colors_info=&#8220;{}&#8220;][et_pb_image src=&#8220;https:\/\/positive-partners.de\/wp-content\/uploads\/2023\/03\/transparent-logo-Positive-Partners07-300&#215;146.png&#8220; title_text=&#8220;transparent logo Positive Partners07&#8243; align=&#8220;center&#8220; _builder_version=&#8220;4.20.4&#8243; _module_preset=&#8220;default&#8220; width=&#8220;200px&#8220; custom_margin=&#8220;3rem||0px||false|false&#8220; global_colors_info=&#8220;{}&#8220;][\/et_pb_image][\/et_pb_column][\/et_pb_row][\/et_pb_section][et_pb_section fb_built=&#8220;1&#8243; _builder_version=&#8220;4.20.4&#8243; _module_preset=&#8220;default&#8220; custom_padding=&#8220;0px||||false|false&#8220; global_colors_info=&#8220;{}&#8220;][et_pb_row column_structure=&#8220;1_5,3_5,1_5&#8243; _builder_version=&#8220;4.20.4&#8243; _module_preset=&#8220;default&#8220; global_colors_info=&#8220;{}&#8220;][et_pb_column type=&#8220;1_5&#8243; _builder_version=&#8220;4.20.4&#8243; _module_preset=&#8220;default&#8220; global_colors_info=&#8220;{}&#8220;][\/et_pb_column][et_pb_column type=&#8220;3_5&#8243; _builder_version=&#8220;4.20.4&#8243; _module_preset=&#8220;default&#8220; global_colors_info=&#8220;{}&#8220;][et_pb_text _builder_version=&#8220;4.20.4&#8243; _module_preset=&#8220;default&#8220; global_colors_info=&#8220;{}&#8220;]<\/p>\n<h2 style=\"text-align: center;\">Melden Sie sich \u00fcber unser Formular<\/h2>\n<p>[\/et_pb_text][et_pb_text _builder_version=&#8220;4.20.4&#8243; _module_preset=&#8220;default&#8220; custom_margin=&#8220;0px||||false|false&#8220; custom_padding=&#8220;0px||||false|false&#8220; global_colors_info=&#8220;{}&#8220;]<\/p>\n\n<div class=\"wpcf7 no-js\" id=\"wpcf7-f15-o1\" lang=\"de-DE\" dir=\"ltr\" data-wpcf7-id=\"15\">\n<div class=\"screen-reader-response\"><p role=\"status\" aria-live=\"polite\" aria-atomic=\"true\"><\/p> <ul><\/ul><\/div>\n<form action=\"\/en\/wp-json\/wp\/v2\/pages\/510#wpcf7-f15-o1\" method=\"post\" class=\"wpcf7-form init\" aria-label=\"Kontaktformular\" novalidate=\"novalidate\" data-status=\"init\">\n<fieldset class=\"hidden-fields-container\"><input type=\"hidden\" name=\"_wpcf7\" value=\"15\" \/><input type=\"hidden\" name=\"_wpcf7_version\" value=\"6.1.5\" \/><input type=\"hidden\" name=\"_wpcf7_locale\" value=\"de_DE\" \/><input type=\"hidden\" name=\"_wpcf7_unit_tag\" value=\"wpcf7-f15-o1\" \/><input type=\"hidden\" name=\"_wpcf7_container_post\" value=\"0\" \/><input type=\"hidden\" name=\"_wpcf7_posted_data_hash\" value=\"\" \/>\n<\/fieldset>\n<p><span class=\"wpcf7-form-control-wrap\" data-name=\"your-name\"><input size=\"40\" maxlength=\"400\" class=\"wpcf7-form-control wpcf7-text wpcf7-validates-as-required\" aria-required=\"true\" aria-invalid=\"false\" placeholder=\"Ihr Name*\" value=\"\" type=\"text\" name=\"your-name\" \/><\/span>\n<\/p>\n<p><span class=\"wpcf7-form-control-wrap\" data-name=\"your-email\"><input size=\"40\" maxlength=\"400\" class=\"wpcf7-form-control wpcf7-email wpcf7-validates-as-required wpcf7-text wpcf7-validates-as-email\" aria-required=\"true\" aria-invalid=\"false\" placeholder=\"Ihre E-Mail-Adresse*\" value=\"\" type=\"email\" name=\"your-email\" \/><\/span>\n<\/p>\n<p><span class=\"wpcf7-form-control-wrap\" data-name=\"your-tel\"><input size=\"40\" maxlength=\"400\" class=\"wpcf7-form-control wpcf7-tel wpcf7-text wpcf7-validates-as-tel\" aria-invalid=\"false\" placeholder=\"Ihre Telefonnummer\" value=\"\" type=\"tel\" name=\"your-tel\" \/><\/span>\n<\/p>\n<p><span class=\"wpcf7-form-control-wrap dsm-contact-form-7-select\" data-name=\"your-subject\"><select class=\"wpcf7-form-control wpcf7-select wpcf7-validates-as-required et_pb_contact_select input\" aria-required=\"true\" aria-invalid=\"false\" name=\"your-subject\"><option value=\"\">Art der Anfrage ausw\u00e4hlen ...<\/option><option value=\"Exklusivmitgliedschaft\">Exklusivmitgliedschaft<\/option><option value=\"Premiumexklusivmitgliedschaft\">Premiumexklusivmitgliedschaft<\/option><\/select><\/span>\n<\/p>\n<p><span class=\"wpcf7-form-control-wrap\" data-name=\"recommedation\"><input size=\"40\" maxlength=\"400\" class=\"wpcf7-form-control wpcf7-text\" aria-invalid=\"false\" placeholder=\"Von wem wurden Sie geworben?\" value=\"\" type=\"text\" name=\"recommedation\" \/><\/span>\n<\/p>\n<p><span class=\"wpcf7-form-control-wrap\" data-name=\"your-message\"><textarea cols=\"40\" rows=\"10\" maxlength=\"2000\" class=\"wpcf7-form-control wpcf7-textarea wpcf7-validates-as-required\" aria-required=\"true\" aria-invalid=\"false\" placeholder=\"Ihre Nachricht*\" name=\"your-message\"><\/textarea><\/span>\n<\/p>\n<p><span class=\"wpcf7-form-control-wrap\" data-name=\"acceptance-782\"><span class=\"wpcf7-form-control wpcf7-acceptance\"><span class=\"wpcf7-list-item\"><label><input type=\"checkbox\" name=\"acceptance-782\" value=\"1\" aria-invalid=\"false\" \/><span class=\"wpcf7-list-item-label\">Ich akzeptiere, dass meine eingegebenen Daten zum Zwecke der Kontaktaufnahme elektronisch \u00fcbertragen werden. Weitere Informationen finden Sie in unserer <a href=\"\/datenschutz\/\">Datenschutzerkl\u00e4rung<\/a>.<\/span><\/label><\/span><\/span><\/span>\n<\/p>\n<p><button class=\"wpcf7-form-control wpcf7-submit has-spinner et_pb_button et_pb_bg_layout_light button\" type=\"submit\" value=\"Senden\">Senden<\/button>\n<\/p><div class=\"wpcf7-response-output\" aria-hidden=\"true\"><\/div>\n<\/form>\n<\/div>\n\n<p>[\/et_pb_text][\/et_pb_column][et_pb_column type=&#8220;1_5&#8243; _builder_version=&#8220;4.20.4&#8243; _module_preset=&#8220;default&#8220; global_colors_info=&#8220;{}&#8220;][\/et_pb_column][\/et_pb_row][\/et_pb_section]<\/p>\n","protected":false},"excerpt":{"rendered":"<p>Hier k\u00f6nnen Sie Erstkontakt aufnehmen, wenn Sie sich \u00fcber eine Empfehlung unseres Netzwerks f\u00fcr die Aufnahme in unsere Exklusivkartei bewerben m\u00f6chten. Alternativ zu einer Empfehlung besteht die M\u00f6glichkeit, uns in einem Casting zu \u00fcberzeugen und Passivmitglied unserer handverlesenen Kartei zu werden. Nehmen Sie hierf\u00fcr bitte \u00fcber den Men\u00fc-Unterpunkt &#8222;Castinganfrage&#8220; Kontakt auf.<div class=\"et_pb_module dsm_card dsm_card_0 et_pb_bg_layout_light  dsm_card_layout_stacked\">\n\t\t\t\t\n\t\t\t\t\n\t\t\t\t\n\t\t\t\t\n\t\t\t\t\n\t\t\t\t\n\t\t\t\t<div class=\"et_pb_module_inner\">\n\t\t\t\t\t\n\t\t\t\n\t\t\t<figure class=\"dsm_card_image_wrapper dsm_card_badge_top_right\"><img decoding=\"async\" src=\"https:\/\/positive-partners.de\/wp-content\/uploads\/2023\/03\/Positive-Partners.png\" alt=\"\" srcset=\"https:\/\/positive-partners.de\/wp-content\/uploads\/2023\/03\/Positive-Partners.png 358w, https:\/\/positive-partners.de\/wp-content\/uploads\/2023\/03\/Positive-Partners-300x191.png 300w, https:\/\/positive-partners.de\/wp-content\/uploads\/2023\/03\/Positive-Partners-18x12.png 18w\" sizes=\"(max-width: 358px) 100vw, 358px\" class=\"dsm_card_img\" \/><\/figure>\n\t\t\t<div class=\"et_pb_module dsm_card_wrapper et_pb_text_align_left\">\n\t\t\t\t\t\n\t\t\t\t\t<h4 class=\"dsm_card_title et_pb_module_header\">Exclusive Membership<\/h4>\n\t\t\t\t\t\n\t\t\t\t\t<div class=\"dsm_card_description\">zu werden bedeutet die Chance zu nutzen, f\u00fcr unsere Privatklientel als potentielle Partnerpers\u00f6nlichkeit gefunden zu werden. &nbsp; Chance mit herausragenden Pers\u00f6nlichkeiten gematcht zu werden Erstellung einer professionellen Sedcard Option einer Lebenszeitmitgliedschaft ohne Folgekosten <\/div>\n\t\t\t\t\t\n\t\t\t\t<\/div>\n\t\t\t\n\t\t\t\t<\/div>\n\t\t\t<\/div><div class=\"et_pb_with_border et_pb_module dsm_card dsm_card_1 et_pb_bg_layout_light  dsm_card_layout_stacked\">\n\t\t\t\t\n\t\t\t\t\n\t\t\t\t\n\t\t\t\t\n\t\t\t\t\n\t\t\t\t\n\t\t\t\t<div class=\"et_pb_module_inner\">\n\t\t\t\t\t\n\t\t\t\n\t\t\t<figure class=\"dsm_card_image_wrapper dsm_card_badge_top_right\"><img decoding=\"async\" src=\"https:\/\/positive-partners.de\/wp-content\/uploads\/2023\/03\/Positive-Partners-300x191.png\" alt=\"\" srcset=\"https:\/\/positive-partners.de\/wp-content\/uploads\/2023\/03\/Positive-Partners-300x191.png 300w, https:\/\/positive-partners.de\/wp-content\/uploads\/2023\/03\/Positive-Partners-18x12.png 18w, https:\/\/positive-partners.de\/wp-content\/uploads\/2023\/03\/Positive-Partners.png 358w\" sizes=\"(max-width: 300px) 100vw, 300px\" class=\"dsm_card_img dsm_card_image_stretch\" \/><\/figure>\n\t\t\t<div class=\"et_pb_module dsm_card_wrapper et_pb_text_align_left\">\n\t\t\t\t\t\n\t\t\t\t\t<h4 class=\"dsm_card_title et_pb_module_header\">Premium exclusive membership<\/h4>\n\t\t\t\t\t\n\t\t\t\t\t<div class=\"dsm_card_description\">zu sein garantiert, dass Sie bei vergleichbarer Passwahrscheinlichkeit anderer Profile unserer Exklusivkartei priorisiert vorgestellt werden. &nbsp; Genu\u00df s\u00e4mtlicher Exklusivmitgliedschaftsleistungen Erh\u00f6hung von Matching-Chancen durch priorisierte Auswahl bei gleicher Passwahrscheinlichkeit Vorrang bei limitierten Spezialevents von Positive Partners <\/div>\n\t\t\t\t\t\n\t\t\t\t<\/div>\n\t\t\t\n\t\t\t\t<\/div>\n\t\t\t<\/div>Please get in touch via this form\n<div class=\"wpcf7 no-js\" id=\"wpcf7-f15-o2\" lang=\"de-DE\" dir=\"ltr\" data-wpcf7-id=\"15\">\n<div class=\"screen-reader-response\"><p role=\"status\" aria-live=\"polite\" aria-atomic=\"true\"><\/p> <ul><\/ul><\/div>\n<form action=\"\/en\/wp-json\/wp\/v2\/pages\/510#wpcf7-f15-o2\" method=\"post\" class=\"wpcf7-form init\" aria-label=\"Kontaktformular\" novalidate=\"novalidate\" data-status=\"init\" data-trp-original-action=\"\/en\/wp-json\/wp\/v2\/pages\/510#wpcf7-f15-o2\">\n<fieldset class=\"hidden-fields-container\"><input type=\"hidden\" name=\"_wpcf7\" value=\"15\" \/><input type=\"hidden\" name=\"_wpcf7_version\" value=\"6.1.5\" \/><input type=\"hidden\" name=\"_wpcf7_locale\" value=\"de_DE\" \/><input type=\"hidden\" name=\"_wpcf7_unit_tag\" value=\"wpcf7-f15-o2\" \/><input type=\"hidden\" name=\"_wpcf7_container_post\" value=\"0\" \/><input type=\"hidden\" name=\"_wpcf7_posted_data_hash\" value=\"\" \/>\n<\/fieldset>\n<p><span class=\"wpcf7-form-control-wrap\" data-name=\"your-name\"><input size=\"40\" maxlength=\"400\" class=\"wpcf7-form-control wpcf7-text wpcf7-validates-as-required\" aria-required=\"true\" aria-invalid=\"false\" placeholder=\"Your name*\" value=\"\" type=\"text\" name=\"your-name\" \/><\/span>\n<\/p>\n<p><span class=\"wpcf7-form-control-wrap\" data-name=\"your-email\"><input size=\"40\" maxlength=\"400\" class=\"wpcf7-form-control wpcf7-email wpcf7-validates-as-required wpcf7-text wpcf7-validates-as-email\" aria-required=\"true\" aria-invalid=\"false\" placeholder=\"Your email address*\" value=\"\" type=\"email\" name=\"your-email\" \/><\/span>\n<\/p>\n<p><span class=\"wpcf7-form-control-wrap\" data-name=\"your-tel\"><input size=\"40\" maxlength=\"400\" class=\"wpcf7-form-control wpcf7-tel wpcf7-text wpcf7-validates-as-tel\" aria-invalid=\"false\" placeholder=\"Your phone number\" value=\"\" type=\"tel\" name=\"your-tel\" \/><\/span>\n<\/p>\n<p><span class=\"wpcf7-form-control-wrap dsm-contact-form-7-select\" data-name=\"your-subject\"><select class=\"wpcf7-form-control wpcf7-select wpcf7-validates-as-required et_pb_contact_select input\" aria-required=\"true\" aria-invalid=\"false\" name=\"your-subject\"><option value=\"\">Select type of request ...<\/option><option value=\"Exklusivmitgliedschaft\">Exclusive membership<\/option><option value=\"Premiumexklusivmitgliedschaft\">Premium exclusive membership<\/option><\/select><\/span>\n<\/p>\n<p><span class=\"wpcf7-form-control-wrap\" data-name=\"recommedation\"><input size=\"40\" maxlength=\"400\" class=\"wpcf7-form-control wpcf7-text\" aria-invalid=\"false\" placeholder=\"Who recommended you?\" value=\"\" type=\"text\" name=\"recommedation\" \/><\/span>\n<\/p>\n<p><span class=\"wpcf7-form-control-wrap\" data-name=\"your-message\"><textarea cols=\"40\" rows=\"10\" maxlength=\"2000\" class=\"wpcf7-form-control wpcf7-textarea wpcf7-validates-as-required\" aria-required=\"true\" aria-invalid=\"false\" placeholder=\"Your message*\" name=\"your-message\"><\/textarea><\/span>\n<\/p>\n<p><span class=\"wpcf7-form-control-wrap\" data-name=\"acceptance-782\"><span class=\"wpcf7-form-control wpcf7-acceptance\"><span class=\"wpcf7-list-item\"><label><input type=\"checkbox\" name=\"acceptance-782\" value=\"1\" aria-invalid=\"false\" \/><span class=\"wpcf7-list-item-label\">I hereby accept that the data provided will be processed electronically for purposes of contact. Further information is provided under <a href=\"\/en\/datenschutz\/\">Data Protection<\/a>.<\/span><\/label><\/span><\/span><\/span>\n<\/p>\n<p><button class=\"wpcf7-form-control wpcf7-submit has-spinner et_pb_button et_pb_bg_layout_light button\" type=\"submit\" value=\"Senden\">Send<\/button>\n<\/p><div class=\"wpcf7-response-output\" aria-hidden=\"true\"><\/div>\n<input type=\"hidden\" name=\"trp-form-language\" value=\"en\"\/><\/form>\n<\/div>\n<\/p>","protected":false},"author":1,"featured_media":0,"parent":0,"menu_order":0,"comment_status":"closed","ping_status":"closed","template":"","meta":{"_et_pb_use_builder":"on","_et_pb_old_content":"<!-- wp:columns -->\n<div class=\"wp-block-columns\"><!-- wp:column -->\n<div class=\"wp-block-column\"><!-- wp:paragraph -->\n<p>Lorem ipsum dolor sit amet, consetetur sadipscing elitr, sed diam nonumy eirmod tempor invidunt ut labore et dolore magna aliquyam erat, sed diam voluptua. At vero eos et accusam et justo duo dolores et ea rebum. Stet clita kasd gubergren, no sea takimata sanctus est Lorem ipsum dolor sit amet. Lorem ipsum dolor sit amet, consetetur sadipscing elitr<\/p>\n<!-- \/wp:paragraph --><\/div>\n<!-- \/wp:column --><\/div>\n<!-- \/wp:columns -->\n\n<!-- wp:columns -->\n<div class=\"wp-block-columns\"><!-- wp:column -->\n<div class=\"wp-block-column\"><!-- wp:acf\/contact-information {\n    \"id\": \"block_616e8d4200415\",\n    \"name\": \"acf\/contact-information\",\n    \"data\": {\n        \"show_logo\": \"1\",\n        \"_show_logo\": \"field_614d9420e1447\",\n        \"show_name\": \"1\",\n        \"_show_name\": \"field_614d9441e1448\",\n        \"show_description\": \"1\",\n        \"_show_description\": \"field_614d945ce1449\",\n        \"show_address\": \"1\",\n        \"_show_address\": \"field_614d946ce144a\",\n        \"show_email\": \"1\",\n        \"_show_email\": \"field_614d9476e144b\",\n        \"show_telephone\": \"1\",\n        \"_show_telephone\": \"field_614d947ce144c\",\n        \"show_fax\": \"1\",\n        \"_show_fax\": \"field_614d948ae144d\"\n    },\n    \"align\": \"\",\n    \"mode\": \"edit\",\n    \"wpClassName\": \"wp-block-acf-contact-information\"\n} \/--><\/div>\n<!-- \/wp:column -->\n\n<!-- wp:column -->\n<div class=\"wp-block-column\"><!-- wp:heading -->\n<h2>Kontaktformular<\/h2>\n<!-- \/wp:heading -->\n\n<!-- wp:contact-form-7\/contact-form-selector {\"id\":15,\"title\":\"Kontaktformular\"} -->\n<div class=\"wp-block-contact-form-7-contact-form-selector\">[contact-form-7 id=\"15\" title=\"Kontaktformular\"]<\/div>\n<!-- \/wp:contact-form-7\/contact-form-selector --><\/div>\n<!-- \/wp:column --><\/div>\n<!-- \/wp:columns -->","_et_gb_content_width":"","inline_featured_image":false,"footnotes":""},"class_list":["post-510","page","type-page","status-publish","hentry"],"_links":{"self":[{"href":"https:\/\/positive-partners.de\/en\/wp-json\/wp\/v2\/pages\/510","targetHints":{"allow":["GET"]}}],"collection":[{"href":"https:\/\/positive-partners.de\/en\/wp-json\/wp\/v2\/pages"}],"about":[{"href":"https:\/\/positive-partners.de\/en\/wp-json\/wp\/v2\/types\/page"}],"author":[{"embeddable":true,"href":"https:\/\/positive-partners.de\/en\/wp-json\/wp\/v2\/users\/1"}],"replies":[{"embeddable":true,"href":"https:\/\/positive-partners.de\/en\/wp-json\/wp\/v2\/comments?post=510"}],"version-history":[{"count":15,"href":"https:\/\/positive-partners.de\/en\/wp-json\/wp\/v2\/pages\/510\/revisions"}],"predecessor-version":[{"id":974,"href":"https:\/\/positive-partners.de\/en\/wp-json\/wp\/v2\/pages\/510\/revisions\/974"}],"wp:attachment":[{"href":"https:\/\/positive-partners.de\/en\/wp-json\/wp\/v2\/media?parent=510"}],"curies":[{"name":"wp","href":"https:\/\/api.w.org\/{rel}","templated":true}]}}