{"id":572,"date":"2023-05-30T18:27:17","date_gmt":"2023-05-30T16:27:17","guid":{"rendered":"https:\/\/positive-partners.de\/?page_id=572"},"modified":"2024-03-27T16:03:59","modified_gmt":"2024-03-27T15:03:59","slug":"netzwerkanfrage","status":"publish","type":"page","link":"https:\/\/positive-partners.de\/en\/netzwerkanfrage\/","title":{"rendered":"Network Enquiry"},"content":{"rendered":"<p>[et_pb_section fb_built=&#8220;1&#8243; _builder_version=&#8220;4.20.0&#8243; _module_preset=&#8220;default&#8220; background_color=&#8220;#571962&#8243; custom_margin=&#8220;0px||0px||false|false&#8220; custom_padding=&#8220;0px||0px||false|false&#8220; global_module=&#8220;187&#8243; saved_tabs=&#8220;all&#8220; global_colors_info=&#8220;{}&#8220;][et_pb_row _builder_version=&#8220;4.19.0&#8243; _module_preset=&#8220;default&#8220; global_colors_info=&#8220;{}&#8220;][et_pb_column type=&#8220;4_4&#8243; _builder_version=&#8220;4.19.0&#8243; _module_preset=&#8220;default&#8220; global_colors_info=&#8220;{}&#8220;][et_pb_text _builder_version=&#8220;4.20.4&#8243; _dynamic_attributes=&#8220;content&#8220; _module_preset=&#8220;default&#8220; header_text_align=&#8220;center&#8220; header_text_color=&#8220;#FFFFFF&#8220; custom_margin=&#8220;0px||0px||false|false&#8220; custom_padding=&#8220;1rem||0.5rem||false|false&#8220; global_colors_info=&#8220;{}&#8220;]@ET-DC@eyJkeW5hbWljIjp0cnVlLCJjb250ZW50IjoicG9zdF90aXRsZSIsInNldHRpbmdzIjp7ImJlZm9yZSI6IjxoMT4iLCJhZnRlciI6IjwvaDE+In19@[\/et_pb_text][\/et_pb_column][\/et_pb_row][\/et_pb_section][et_pb_section fb_built=&#8220;1&#8243; admin_label=&#8220;section&#8220; _builder_version=&#8220;4.16&#8243; global_colors_info=&#8220;{}&#8220;][et_pb_row admin_label=&#8220;row&#8220; _builder_version=&#8220;4.16&#8243; background_size=&#8220;initial&#8220; background_position=&#8220;top_left&#8220; background_repeat=&#8220;repeat&#8220; global_colors_info=&#8220;{}&#8220;][et_pb_column type=&#8220;4_4&#8243; _builder_version=&#8220;4.16&#8243; custom_padding=&#8220;|||&#8220; global_colors_info=&#8220;{}&#8220; custom_padding__hover=&#8220;|||&#8220;][et_pb_text _builder_version=&#8220;4.19.0&#8243; _module_preset=&#8220;default&#8220; global_colors_info=&#8220;{}&#8220;]<\/p>\n<p>Sie m\u00f6chten Partner unseres internationalen Netzwerks werden? Sie f\u00fchren eine seri\u00f6se Partnervermittlungsagentur, einen Matchmaking-Service, sind Profi-Fotograph, Profi-Videograph oder Inhaber eines Elite-Clubs? Dann freuen wir uns auf Ihre Kontaktaufnahme. Bitte w\u00e4hlen Sie die entsprechende Kategorie aus der vorgegebenen Liste aus und schreiben im Textfeld, welche Form der Kooperation Sie empfehlen!<\/p>\n<p>[\/et_pb_text][\/et_pb_column][\/et_pb_row][et_pb_row admin_label=&#8220;row&#8220; _builder_version=&#8220;4.16&#8243; background_size=&#8220;initial&#8220; background_position=&#8220;top_left&#8220; background_repeat=&#8220;repeat&#8220; global_colors_info=&#8220;{}&#8220;][et_pb_column type=&#8220;4_4&#8243; _builder_version=&#8220;4.16&#8243; custom_padding=&#8220;|||&#8220; global_colors_info=&#8220;{}&#8220; custom_padding__hover=&#8220;|||&#8220;][et_pb_image src=&#8220;https:\/\/positive-partners.de\/wp-content\/uploads\/2023\/03\/transparent-logo-Positive-Partners07-300&#215;146.png&#8220; title_text=&#8220;transparent logo Positive Partners07&#8243; align=&#8220;center&#8220; _builder_version=&#8220;4.20.4&#8243; _module_preset=&#8220;default&#8220; width=&#8220;200px&#8220; custom_margin=&#8220;3rem||||false|false&#8220; global_colors_info=&#8220;{}&#8220;][\/et_pb_image][\/et_pb_column][\/et_pb_row][\/et_pb_section][et_pb_section fb_built=&#8220;1&#8243; _builder_version=&#8220;4.20.4&#8243; _module_preset=&#8220;default&#8220; custom_padding=&#8220;0px||||false|false&#8220; global_colors_info=&#8220;{}&#8220;][et_pb_row column_structure=&#8220;1_5,3_5,1_5&#8243; _builder_version=&#8220;4.20.4&#8243; _module_preset=&#8220;default&#8220; global_colors_info=&#8220;{}&#8220;][et_pb_column type=&#8220;1_5&#8243; _builder_version=&#8220;4.20.4&#8243; _module_preset=&#8220;default&#8220; global_colors_info=&#8220;{}&#8220;][\/et_pb_column][et_pb_column type=&#8220;3_5&#8243; _builder_version=&#8220;4.20.4&#8243; _module_preset=&#8220;default&#8220; global_colors_info=&#8220;{}&#8220;][et_pb_text _builder_version=&#8220;4.20.4&#8243; _module_preset=&#8220;default&#8220; global_colors_info=&#8220;{}&#8220;]<\/p>\n<h2 style=\"text-align: center;\">Melden Sie sich \u00fcber unser Formular<\/h2>\n<p>[\/et_pb_text][et_pb_text _builder_version=&#8220;4.20.4&#8243; _module_preset=&#8220;default&#8220; custom_margin=&#8220;0px||||false|false&#8220; custom_padding=&#8220;0px||||false|false&#8220; global_colors_info=&#8220;{}&#8220;]<\/p>\n\n<div class=\"wpcf7 no-js\" id=\"wpcf7-f575-o1\" lang=\"de-DE\" dir=\"ltr\" data-wpcf7-id=\"575\">\n<div class=\"screen-reader-response\"><p role=\"status\" aria-live=\"polite\" aria-atomic=\"true\"><\/p> <ul><\/ul><\/div>\n<form action=\"\/en\/wp-json\/wp\/v2\/pages\/572#wpcf7-f575-o1\" method=\"post\" class=\"wpcf7-form init\" aria-label=\"Kontaktformular\" novalidate=\"novalidate\" data-status=\"init\">\n<fieldset class=\"hidden-fields-container\"><input type=\"hidden\" name=\"_wpcf7\" value=\"575\" \/><input type=\"hidden\" name=\"_wpcf7_version\" value=\"6.1.5\" \/><input type=\"hidden\" name=\"_wpcf7_locale\" value=\"de_DE\" \/><input type=\"hidden\" name=\"_wpcf7_unit_tag\" value=\"wpcf7-f575-o1\" \/><input type=\"hidden\" name=\"_wpcf7_container_post\" value=\"0\" \/><input type=\"hidden\" name=\"_wpcf7_posted_data_hash\" value=\"\" \/>\n<\/fieldset>\n<p><span class=\"wpcf7-form-control-wrap\" data-name=\"your-name\"><input size=\"40\" maxlength=\"400\" class=\"wpcf7-form-control wpcf7-text wpcf7-validates-as-required\" aria-required=\"true\" aria-invalid=\"false\" placeholder=\"Ihr Name*\" value=\"\" type=\"text\" name=\"your-name\" \/><\/span>\n<\/p>\n<p><span class=\"wpcf7-form-control-wrap\" data-name=\"your-email\"><input size=\"40\" maxlength=\"400\" class=\"wpcf7-form-control wpcf7-email wpcf7-validates-as-required wpcf7-text wpcf7-validates-as-email\" aria-required=\"true\" aria-invalid=\"false\" placeholder=\"Ihre E-Mail-Adresse*\" value=\"\" type=\"email\" name=\"your-email\" \/><\/span>\n<\/p>\n<p><span class=\"wpcf7-form-control-wrap\" data-name=\"your-tel\"><input size=\"40\" maxlength=\"400\" class=\"wpcf7-form-control wpcf7-tel wpcf7-text wpcf7-validates-as-tel\" aria-invalid=\"false\" placeholder=\"Ihre Telefonnummer (optional)\" value=\"\" type=\"tel\" name=\"your-tel\" \/><\/span>\n<\/p>\n<p><span class=\"wpcf7-form-control-wrap dsm-contact-form-7-select\" data-name=\"your-subject\"><select class=\"wpcf7-form-control wpcf7-select wpcf7-validates-as-required et_pb_contact_select input\" aria-required=\"true\" aria-invalid=\"false\" name=\"your-subject\"><option value=\"\">Ich bin ...<\/option><option value=\"Externer Matchmaking-Service\">Externer Matchmaking-Service<\/option><option value=\"Lokale Partnervermittlung\">Lokale Partnervermittlung<\/option><option value=\"Botschafter\">Botschafter<\/option><option value=\"Scout\">Scout<\/option><option value=\"Profifotograph\">Profifotograph<\/option><option value=\"Profivideograph\">Profivideograph<\/option><option value=\"Eventmanager\">Eventmanager<\/option><option value=\"Elite-Clubmanager\">Elite-Clubmanager<\/option><\/select><\/span>\n<\/p>\n<p><span class=\"wpcf7-form-control-wrap\" data-name=\"your-message\"><textarea cols=\"40\" rows=\"10\" maxlength=\"2000\" class=\"wpcf7-form-control wpcf7-textarea wpcf7-validates-as-required\" aria-required=\"true\" aria-invalid=\"false\" placeholder=\"Ihre Nachricht*\" name=\"your-message\"><\/textarea><\/span>\n<\/p>\n<p><span class=\"wpcf7-form-control-wrap\" data-name=\"acceptance-782\"><span class=\"wpcf7-form-control wpcf7-acceptance\"><span class=\"wpcf7-list-item\"><label><input type=\"checkbox\" name=\"acceptance-782\" value=\"1\" aria-invalid=\"false\" \/><span class=\"wpcf7-list-item-label\">Ich akzeptiere, dass meine eingegebenen Daten zum Zwecke der Kontaktaufnahme elektronisch \u00fcbertragen werden. Weitere Informationen finden Sie in unserer <a href=\"\/datenschutz\/\">Datenschutzerkl\u00e4rung<\/a>.<\/span><\/label><\/span><\/span><\/span>\n<\/p>\n<p><button class=\"wpcf7-form-control wpcf7-submit has-spinner et_pb_button et_pb_bg_layout_light button\" type=\"submit\" value=\"Senden\">Senden<\/button>\n<\/p><div class=\"wpcf7-response-output\" aria-hidden=\"true\"><\/div>\n<\/form>\n<\/div>\n\n<p>[\/et_pb_text][\/et_pb_column][et_pb_column type=&#8220;1_5&#8243; _builder_version=&#8220;4.20.4&#8243; _module_preset=&#8220;default&#8220; global_colors_info=&#8220;{}&#8220;][\/et_pb_column][\/et_pb_row][\/et_pb_section]<\/p>\n","protected":false},"excerpt":{"rendered":"<p>Sie m\u00f6chten Partner unseres internationalen Netzwerks werden? Sie f\u00fchren eine seri\u00f6se Partnervermittlungsagentur, einen Matchmaking-Service, sind Profi-Fotograph, Profi-Videograph oder Inhaber eines Elite-Clubs? Dann freuen wir uns auf Ihre Kontaktaufnahme. Bitte w\u00e4hlen Sie die entsprechende Kategorie aus der vorgegebenen Liste aus und schreiben im Textfeld, welche Form der Kooperation Sie empfehlen!Melden Sie sich \u00fcber unser Formular\n<div class=\"wpcf7 no-js\" id=\"wpcf7-f575-o2\" lang=\"de-DE\" dir=\"ltr\" data-wpcf7-id=\"575\">\n<div class=\"screen-reader-response\"><p role=\"status\" aria-live=\"polite\" aria-atomic=\"true\"><\/p> <ul><\/ul><\/div>\n<form action=\"\/en\/wp-json\/wp\/v2\/pages\/572#wpcf7-f575-o2\" method=\"post\" class=\"wpcf7-form init\" aria-label=\"Kontaktformular\" novalidate=\"novalidate\" data-status=\"init\" data-trp-original-action=\"\/en\/wp-json\/wp\/v2\/pages\/572#wpcf7-f575-o2\">\n<fieldset class=\"hidden-fields-container\"><input type=\"hidden\" name=\"_wpcf7\" value=\"575\" \/><input type=\"hidden\" name=\"_wpcf7_version\" value=\"6.1.5\" \/><input type=\"hidden\" name=\"_wpcf7_locale\" value=\"de_DE\" \/><input type=\"hidden\" name=\"_wpcf7_unit_tag\" value=\"wpcf7-f575-o2\" \/><input type=\"hidden\" name=\"_wpcf7_container_post\" value=\"0\" \/><input type=\"hidden\" name=\"_wpcf7_posted_data_hash\" value=\"\" \/>\n<\/fieldset>\n<p><span class=\"wpcf7-form-control-wrap\" data-name=\"your-name\"><input size=\"40\" maxlength=\"400\" class=\"wpcf7-form-control wpcf7-text wpcf7-validates-as-required\" aria-required=\"true\" aria-invalid=\"false\" placeholder=\"Your name*\" value=\"\" type=\"text\" name=\"your-name\" \/><\/span>\n<\/p>\n<p><span class=\"wpcf7-form-control-wrap\" data-name=\"your-email\"><input size=\"40\" maxlength=\"400\" class=\"wpcf7-form-control wpcf7-email wpcf7-validates-as-required wpcf7-text wpcf7-validates-as-email\" aria-required=\"true\" aria-invalid=\"false\" placeholder=\"Your email address*\" value=\"\" type=\"email\" name=\"your-email\" \/><\/span>\n<\/p>\n<p><span class=\"wpcf7-form-control-wrap\" data-name=\"your-tel\"><input size=\"40\" maxlength=\"400\" class=\"wpcf7-form-control wpcf7-tel wpcf7-text wpcf7-validates-as-tel\" aria-invalid=\"false\" placeholder=\"Your phone number (optional)\" value=\"\" type=\"tel\" name=\"your-tel\" \/><\/span>\n<\/p>\n<p><span class=\"wpcf7-form-control-wrap dsm-contact-form-7-select\" data-name=\"your-subject\"><select class=\"wpcf7-form-control wpcf7-select wpcf7-validates-as-required et_pb_contact_select input\" aria-required=\"true\" aria-invalid=\"false\" name=\"your-subject\"><option value=\"\">I am ...<\/option><option value=\"Externer Matchmaking-Service\">External matchmaking service<\/option><option value=\"Lokale Partnervermittlung\">Local dating agency<\/option><option value=\"Botschafter\">Ambassador<\/option><option value=\"Scout\">Scout<\/option><option value=\"Profifotograph\">Professional photographer<\/option><option value=\"Profivideograph\">Professional videographer<\/option><option value=\"Eventmanager\">Event manager<\/option><option value=\"Elite-Clubmanager\">Elite Club Manager<\/option><\/select><\/span>\n<\/p>\n<p><span class=\"wpcf7-form-control-wrap\" data-name=\"your-message\"><textarea cols=\"40\" rows=\"10\" maxlength=\"2000\" class=\"wpcf7-form-control wpcf7-textarea wpcf7-validates-as-required\" aria-required=\"true\" aria-invalid=\"false\" placeholder=\"Your message*\" name=\"your-message\"><\/textarea><\/span>\n<\/p>\n<p><span class=\"wpcf7-form-control-wrap\" data-name=\"acceptance-782\"><span class=\"wpcf7-form-control wpcf7-acceptance\"><span class=\"wpcf7-list-item\"><label><input type=\"checkbox\" name=\"acceptance-782\" value=\"1\" aria-invalid=\"false\" \/><span class=\"wpcf7-list-item-label\">I hereby accept that the data provided will be processed electronically for purposes of contact. Further information is provided under <a href=\"\/en\/datenschutz\/\">Data Protection<\/a>.<\/span><\/label><\/span><\/span><\/span>\n<\/p>\n<p><button class=\"wpcf7-form-control wpcf7-submit has-spinner et_pb_button et_pb_bg_layout_light button\" type=\"submit\" value=\"Senden\">Send<\/button>\n<\/p><div class=\"wpcf7-response-output\" aria-hidden=\"true\"><\/div>\n<input type=\"hidden\" name=\"trp-form-language\" value=\"en\"\/><\/form>\n<\/div>\n<\/p>","protected":false},"author":1,"featured_media":0,"parent":0,"menu_order":0,"comment_status":"closed","ping_status":"closed","template":"","meta":{"_et_pb_use_builder":"on","_et_pb_old_content":"<!-- wp:columns -->\n<div class=\"wp-block-columns\"><!-- wp:column -->\n<div class=\"wp-block-column\"><!-- wp:paragraph -->\n<p>Lorem ipsum dolor sit amet, consetetur sadipscing elitr, sed diam nonumy eirmod tempor invidunt ut labore et dolore magna aliquyam erat, sed diam voluptua. At vero eos et accusam et justo duo dolores et ea rebum. Stet clita kasd gubergren, no sea takimata sanctus est Lorem ipsum dolor sit amet. Lorem ipsum dolor sit amet, consetetur sadipscing elitr<\/p>\n<!-- \/wp:paragraph --><\/div>\n<!-- \/wp:column --><\/div>\n<!-- \/wp:columns -->\n\n<!-- wp:columns -->\n<div class=\"wp-block-columns\"><!-- wp:column -->\n<div class=\"wp-block-column\"><!-- wp:acf\/contact-information {\n    \"id\": \"block_616e8d4200415\",\n    \"name\": \"acf\/contact-information\",\n    \"data\": {\n        \"show_logo\": \"1\",\n        \"_show_logo\": \"field_614d9420e1447\",\n        \"show_name\": \"1\",\n        \"_show_name\": \"field_614d9441e1448\",\n        \"show_description\": \"1\",\n        \"_show_description\": \"field_614d945ce1449\",\n        \"show_address\": \"1\",\n        \"_show_address\": \"field_614d946ce144a\",\n        \"show_email\": \"1\",\n        \"_show_email\": \"field_614d9476e144b\",\n        \"show_telephone\": \"1\",\n        \"_show_telephone\": \"field_614d947ce144c\",\n        \"show_fax\": \"1\",\n        \"_show_fax\": \"field_614d948ae144d\"\n    },\n    \"align\": \"\",\n    \"mode\": \"edit\",\n    \"wpClassName\": \"wp-block-acf-contact-information\"\n} \/--><\/div>\n<!-- \/wp:column -->\n\n<!-- wp:column -->\n<div class=\"wp-block-column\"><!-- wp:heading -->\n<h2>Kontaktformular<\/h2>\n<!-- \/wp:heading -->\n\n<!-- wp:contact-form-7\/contact-form-selector {\"id\":15,\"title\":\"Kontaktformular\"} -->\n<div class=\"wp-block-contact-form-7-contact-form-selector\">[contact-form-7 id=\"15\" title=\"Kontaktformular\"]<\/div>\n<!-- \/wp:contact-form-7\/contact-form-selector --><\/div>\n<!-- \/wp:column --><\/div>\n<!-- \/wp:columns -->","_et_gb_content_width":"","inline_featured_image":false,"footnotes":""},"class_list":["post-572","page","type-page","status-publish","hentry"],"_links":{"self":[{"href":"https:\/\/positive-partners.de\/en\/wp-json\/wp\/v2\/pages\/572","targetHints":{"allow":["GET"]}}],"collection":[{"href":"https:\/\/positive-partners.de\/en\/wp-json\/wp\/v2\/pages"}],"about":[{"href":"https:\/\/positive-partners.de\/en\/wp-json\/wp\/v2\/types\/page"}],"author":[{"embeddable":true,"href":"https:\/\/positive-partners.de\/en\/wp-json\/wp\/v2\/users\/1"}],"replies":[{"embeddable":true,"href":"https:\/\/positive-partners.de\/en\/wp-json\/wp\/v2\/comments?post=572"}],"version-history":[{"count":6,"href":"https:\/\/positive-partners.de\/en\/wp-json\/wp\/v2\/pages\/572\/revisions"}],"predecessor-version":[{"id":835,"href":"https:\/\/positive-partners.de\/en\/wp-json\/wp\/v2\/pages\/572\/revisions\/835"}],"wp:attachment":[{"href":"https:\/\/positive-partners.de\/en\/wp-json\/wp\/v2\/media?parent=572"}],"curies":[{"name":"wp","href":"https:\/\/api.w.org\/{rel}","templated":true}]}}